{"id":171,"date":"2014-10-24T11:30:58","date_gmt":"2014-10-24T11:30:58","guid":{"rendered":"http:\/\/xml-io.proteusthemes.com\/buildpress\/?page_id=171"},"modified":"2025-01-14T09:45:00","modified_gmt":"2025-01-14T06:45:00","slug":"kurumsal","status":"publish","type":"page","link":"http:\/\/www.gdg.tc\/en\/kurumsal\/","title":{"rendered":"Company Profile"},"content":{"rendered":"<div id=\"pl-171\"  class=\"panel-layout\" ><div id=\"pg-171-0\"  class=\"panel-grid panel-no-style\" ><div id=\"pgc-171-0-0\"  class=\"panel-grid-cell\" ><div id=\"panel-171-0-0-0\" class=\"so-panel widget widget_black-studio-tinymce widget_black_studio_tinymce panel-first-child panel-last-child\" data-index=\"0\" ><div class=\"textwidget\"><p><a href=\"http:\/\/yayinlasak.com\/gdg\/wp-content\/uploads\/2014\/10\/kurumsal_fabrika.jpg\"><img class=\"aligncenter size-full wp-image-2996\" src=\"http:\/\/yayinlasak.com\/gdg\/wp-content\/uploads\/2014\/10\/kurumsal_fabrika.jpg\" alt=\"\" width=\"5029\" height=\"1176\"><\/a><\/p>\n<\/div><\/div><\/div><\/div><div id=\"pg-171-1\"  class=\"panel-grid panel-no-style\" ><div id=\"pgc-171-1-0\"  class=\"panel-grid-cell\" ><div id=\"panel-171-1-0-0\" class=\"so-panel widget widget_black-studio-tinymce widget_black_studio_tinymce panel-first-child panel-last-child\" data-index=\"1\" ><div class=\"textwidget\"><p style=\"text-align: justify;\">\n<p>Our company is dealing in energy field as commitment and manufacture branch since 1987. Since the beginning of 2007 also running in the manufacturing of Low Voltage, Medium Voltage and High Voltage Energy Transmission Poles, Lighting Poles and GSM Antenna Poles manufacturing and Hot Dipping Galvanize supply. Manufactured goods are covered with galvanize according to TS 914 EN ISO 1461 standards.<\/p>\n<p>Our company is focused on developing its technology, capacity and product range, continues the studies on new designs. Our company is running on its manfacturings in 25000m2 indoor area and 50000m2 outdoor area, as total 75000 m2. <\/p>\n<\/div><\/div><\/div><div id=\"pgc-171-1-1\"  class=\"panel-grid-cell\" ><div id=\"panel-171-1-1-0\" class=\"so-panel widget widget_black-studio-tinymce widget_black_studio_tinymce panel-first-child panel-last-child\" data-index=\"2\" ><div class=\"textwidget\"><p><a href=\"http:\/\/yayinlasak.com\/gdg\/wp-content\/uploads\/2014\/10\/kurumsal.jpg\"><img class=\"alignnone wp-image-2836 size-full\" src=\"http:\/\/yayinlasak.com\/gdg\/wp-content\/uploads\/2014\/10\/kurumsal.jpg\" alt=\"\" width=\"1140\" height=\"640\" \/><\/a><\/p>\n<\/div><\/div><\/div><\/div><div id=\"pg-171-2\"  class=\"panel-grid panel-no-style\" ><div id=\"pgc-171-2-0\"  class=\"panel-grid-cell\" ><div id=\"panel-171-2-0-0\" class=\"so-panel widget widget_black-studio-tinymce widget_black_studio_tinymce panel-first-child panel-last-child\" data-index=\"3\" ><div class=\"textwidget\"><p><div class=\"embed-responsive  embed-responsive-16by9\"><iframe title=\"Guneydogu Galvaniz\" width=\"1140\" height=\"641\" src=\"https:\/\/www.youtube.com\/embed\/w7E74vnn0AE?feature=oembed\" frameborder=\"0\" allow=\"accelerometer; autoplay; clipboard-write; encrypted-media; gyroscope; picture-in-picture; web-share\" referrerpolicy=\"strict-origin-when-cross-origin\" allowfullscreen><\/iframe><\/div><\/p>\n<\/div><\/div><\/div><\/div><\/div>","protected":false},"excerpt":{"rendered":"<p>Our company is dealing in energy field as commitment and manufacture branch since 1987. Since the beginning of 2007 also running in the manufacturing of Low Voltage, Medium Voltage and High Voltage Energy Transmission Poles, Lighting Poles and GSM Antenna Poles manufacturing and Hot Dipping Galvanize supply. Manufactured goods are covered with galvanize according to &hellip;<\/p>\n","protected":false},"author":1,"featured_media":0,"parent":0,"menu_order":0,"comment_status":"closed","ping_status":"closed","template":"","meta":{"_mi_skip_tracking":false,"ngg_post_thumbnail":0},"yoast_head":"<!-- This site is optimized with the Yoast SEO plugin v17.8 - https:\/\/yoast.com\/wordpress\/plugins\/seo\/ -->\n<title>Company Profile - G\u00fcneydo\u011fu Galvaniz<\/title>\n<meta name=\"robots\" content=\"index, follow, max-snippet:-1, max-image-preview:large, max-video-preview:-1\" \/>\n<link rel=\"canonical\" href=\"https:\/\/www.gdg.tc\/en\/kurumsal\/\" \/>\n<meta property=\"og:locale\" content=\"en_US\" \/>\n<meta property=\"og:type\" content=\"article\" \/>\n<meta property=\"og:title\" content=\"[:tr]Kurumsal[:en]Company Profile[:ar]\u0627\u0644\u0634\u0631\u0643\u0629[:] - G\u00fcneydo\u011fu Galvaniz\" \/>\n<meta property=\"og:description\" content=\"Our company is dealing in energy field as commitment and manufacture branch since 1987. Since the beginning of 2007 also running in the manufacturing of Low Voltage, Medium Voltage and High Voltage Energy Transmission Poles, Lighting Poles and GSM Antenna Poles manufacturing and Hot Dipping Galvanize supply. Manufactured goods are covered with galvanize according to &hellip;\" \/>\n<meta property=\"og:url\" content=\"https:\/\/www.gdg.tc\/en\/kurumsal\/\" \/>\n<meta property=\"og:site_name\" content=\"G\u00fcneydo\u011fu Galvaniz\" \/>\n<meta property=\"article:modified_time\" content=\"2025-01-14T06:45:00+00:00\" \/>\n<meta property=\"og:image\" content=\"http:\/\/yayinlasak.com\/gdg\/wp-content\/uploads\/2014\/10\/kurumsal_fabrika.jpg\" \/>\n<meta name=\"twitter:card\" content=\"summary_large_image\" \/>\n<meta name=\"twitter:label1\" content=\"Est. reading time\" \/>\n\t<meta name=\"twitter:data1\" content=\"2 minutes\" \/>\n<script type=\"application\/ld+json\" class=\"yoast-schema-graph\">{\"@context\":\"https:\/\/schema.org\",\"@graph\":[{\"@type\":\"Organization\",\"@id\":\"https:\/\/www.gdg.tc\/#organization\",\"name\":\"G\\u00fcneydo\\u011fu Galvaniz\",\"url\":\"https:\/\/www.gdg.tc\/\",\"sameAs\":[],\"logo\":{\"@type\":\"ImageObject\",\"@id\":\"https:\/\/www.gdg.tc\/#logo\",\"inLanguage\":\"en-US\",\"url\":\"https:\/\/www.gdg.tc\/wp-content\/uploads\/2017\/06\/logo-1.png\",\"contentUrl\":\"https:\/\/www.gdg.tc\/wp-content\/uploads\/2017\/06\/logo-1.png\",\"width\":189,\"height\":67,\"caption\":\"G\\u00fcneydo\\u011fu Galvaniz\"},\"image\":{\"@id\":\"https:\/\/www.gdg.tc\/#logo\"}},{\"@type\":\"WebSite\",\"@id\":\"https:\/\/www.gdg.tc\/#website\",\"url\":\"https:\/\/www.gdg.tc\/\",\"name\":\"G\\u00fcneydo\\u011fu Galvaniz\",\"description\":\"\\u00c7eli\\u011fin Hayat Buldu\\u011fu Yer...\",\"publisher\":{\"@id\":\"https:\/\/www.gdg.tc\/#organization\"},\"potentialAction\":[{\"@type\":\"SearchAction\",\"target\":{\"@type\":\"EntryPoint\",\"urlTemplate\":\"https:\/\/www.gdg.tc\/?s={search_term_string}\"},\"query-input\":\"required name=search_term_string\"}],\"inLanguage\":\"en-US\"},{\"@type\":\"ImageObject\",\"@id\":\"https:\/\/www.gdg.tc\/en\/kurumsal\/#primaryimage\",\"inLanguage\":\"en-US\",\"url\":\"http:\/\/yayinlasak.com\/gdg\/wp-content\/uploads\/2014\/10\/kurumsal_fabrika.jpg\",\"contentUrl\":\"http:\/\/yayinlasak.com\/gdg\/wp-content\/uploads\/2014\/10\/kurumsal_fabrika.jpg\"},{\"@type\":\"WebPage\",\"@id\":\"https:\/\/www.gdg.tc\/en\/kurumsal\/#webpage\",\"url\":\"https:\/\/www.gdg.tc\/en\/kurumsal\/\",\"name\":\"[:tr]Kurumsal[:en]Company Profile[:ar]\\u0627\\u0644\\u0634\\u0631\\u0643\\u0629[:] - G\\u00fcneydo\\u011fu Galvaniz\",\"isPartOf\":{\"@id\":\"https:\/\/www.gdg.tc\/#website\"},\"primaryImageOfPage\":{\"@id\":\"https:\/\/www.gdg.tc\/en\/kurumsal\/#primaryimage\"},\"datePublished\":\"2014-10-24T11:30:58+00:00\",\"dateModified\":\"2025-01-14T06:45:00+00:00\",\"breadcrumb\":{\"@id\":\"https:\/\/www.gdg.tc\/en\/kurumsal\/#breadcrumb\"},\"inLanguage\":\"en-US\",\"potentialAction\":[{\"@type\":\"ReadAction\",\"target\":[\"https:\/\/www.gdg.tc\/en\/kurumsal\/\"]}]},{\"@type\":\"BreadcrumbList\",\"@id\":\"https:\/\/www.gdg.tc\/en\/kurumsal\/#breadcrumb\",\"itemListElement\":[{\"@type\":\"ListItem\",\"position\":1,\"name\":\"Ana sayfa\",\"item\":\"https:\/\/www.gdg.tc\/\"},{\"@type\":\"ListItem\",\"position\":2,\"name\":\"Company Profile\"}]}]}<\/script>\n<!-- \/ Yoast SEO plugin. -->","yoast_head_json":{"title":"[:tr]Kurumsal[:en]Company Profile[:ar]\u0627\u0644\u0634\u0631\u0643\u0629[:] - G\u00fcneydo\u011fu Galvaniz","robots":{"index":"index","follow":"follow","max-snippet":"max-snippet:-1","max-image-preview":"max-image-preview:large","max-video-preview":"max-video-preview:-1"},"canonical":"https:\/\/www.gdg.tc\/en\/kurumsal\/","og_locale":"en_US","og_type":"article","og_title":"[:tr]Kurumsal[:en]Company Profile[:ar]\u0627\u0644\u0634\u0631\u0643\u0629[:] - G\u00fcneydo\u011fu Galvaniz","og_description":"Our company is dealing in energy field as commitment and manufacture branch since 1987. Since the beginning of 2007 also running in the manufacturing of Low Voltage, Medium Voltage and High Voltage Energy Transmission Poles, Lighting Poles and GSM Antenna Poles manufacturing and Hot Dipping Galvanize supply. Manufactured goods are covered with galvanize according to &hellip;","og_url":"https:\/\/www.gdg.tc\/en\/kurumsal\/","og_site_name":"G\u00fcneydo\u011fu Galvaniz","article_modified_time":"2025-01-14T06:45:00+00:00","og_image":[{"url":"http:\/\/yayinlasak.com\/gdg\/wp-content\/uploads\/2014\/10\/kurumsal_fabrika.jpg"}],"twitter_card":"summary_large_image","twitter_misc":{"Est. reading time":"2 minutes"},"schema":{"@context":"https:\/\/schema.org","@graph":[{"@type":"Organization","@id":"https:\/\/www.gdg.tc\/#organization","name":"G\u00fcneydo\u011fu Galvaniz","url":"https:\/\/www.gdg.tc\/","sameAs":[],"logo":{"@type":"ImageObject","@id":"https:\/\/www.gdg.tc\/#logo","inLanguage":"en-US","url":"https:\/\/www.gdg.tc\/wp-content\/uploads\/2017\/06\/logo-1.png","contentUrl":"https:\/\/www.gdg.tc\/wp-content\/uploads\/2017\/06\/logo-1.png","width":189,"height":67,"caption":"G\u00fcneydo\u011fu Galvaniz"},"image":{"@id":"https:\/\/www.gdg.tc\/#logo"}},{"@type":"WebSite","@id":"https:\/\/www.gdg.tc\/#website","url":"https:\/\/www.gdg.tc\/","name":"G\u00fcneydo\u011fu Galvaniz","description":"\u00c7eli\u011fin Hayat Buldu\u011fu Yer...","publisher":{"@id":"https:\/\/www.gdg.tc\/#organization"},"potentialAction":[{"@type":"SearchAction","target":{"@type":"EntryPoint","urlTemplate":"https:\/\/www.gdg.tc\/?s={search_term_string}"},"query-input":"required name=search_term_string"}],"inLanguage":"en-US"},{"@type":"ImageObject","@id":"https:\/\/www.gdg.tc\/en\/kurumsal\/#primaryimage","inLanguage":"en-US","url":"http:\/\/yayinlasak.com\/gdg\/wp-content\/uploads\/2014\/10\/kurumsal_fabrika.jpg","contentUrl":"http:\/\/yayinlasak.com\/gdg\/wp-content\/uploads\/2014\/10\/kurumsal_fabrika.jpg"},{"@type":"WebPage","@id":"https:\/\/www.gdg.tc\/en\/kurumsal\/#webpage","url":"https:\/\/www.gdg.tc\/en\/kurumsal\/","name":"[:tr]Kurumsal[:en]Company Profile[:ar]\u0627\u0644\u0634\u0631\u0643\u0629[:] - G\u00fcneydo\u011fu Galvaniz","isPartOf":{"@id":"https:\/\/www.gdg.tc\/#website"},"primaryImageOfPage":{"@id":"https:\/\/www.gdg.tc\/en\/kurumsal\/#primaryimage"},"datePublished":"2014-10-24T11:30:58+00:00","dateModified":"2025-01-14T06:45:00+00:00","breadcrumb":{"@id":"https:\/\/www.gdg.tc\/en\/kurumsal\/#breadcrumb"},"inLanguage":"en-US","potentialAction":[{"@type":"ReadAction","target":["https:\/\/www.gdg.tc\/en\/kurumsal\/"]}]},{"@type":"BreadcrumbList","@id":"https:\/\/www.gdg.tc\/en\/kurumsal\/#breadcrumb","itemListElement":[{"@type":"ListItem","position":1,"name":"Ana sayfa","item":"https:\/\/www.gdg.tc\/"},{"@type":"ListItem","position":2,"name":"Company Profile"}]}]}},"_links":{"self":[{"href":"http:\/\/www.gdg.tc\/en\/wp-json\/wp\/v2\/pages\/171"}],"collection":[{"href":"http:\/\/www.gdg.tc\/en\/wp-json\/wp\/v2\/pages"}],"about":[{"href":"http:\/\/www.gdg.tc\/en\/wp-json\/wp\/v2\/types\/page"}],"author":[{"embeddable":true,"href":"http:\/\/www.gdg.tc\/en\/wp-json\/wp\/v2\/users\/1"}],"replies":[{"embeddable":true,"href":"http:\/\/www.gdg.tc\/en\/wp-json\/wp\/v2\/comments?post=171"}],"version-history":[{"count":41,"href":"http:\/\/www.gdg.tc\/en\/wp-json\/wp\/v2\/pages\/171\/revisions"}],"predecessor-version":[{"id":3680,"href":"http:\/\/www.gdg.tc\/en\/wp-json\/wp\/v2\/pages\/171\/revisions\/3680"}],"wp:attachment":[{"href":"http:\/\/www.gdg.tc\/en\/wp-json\/wp\/v2\/media?parent=171"}],"curies":[{"name":"wp","href":"https:\/\/api.w.org\/{rel}","templated":true}]}}