{"id":3086,"date":"2017-07-07T10:28:05","date_gmt":"2017-07-07T07:28:05","guid":{"rendered":"http:\/\/www.gdg.tc\/?page_id=3086"},"modified":"2017-11-23T15:44:59","modified_gmt":"2017-11-23T12:44:59","slug":"aydinlatma-direkleri","status":"publish","type":"page","link":"http:\/\/www.gdg.tc\/en\/aydinlatma-direkleri\/","title":{"rendered":"Lighting Poles"},"content":{"rendered":"<div id=\"pl-3086\"  class=\"panel-layout\" ><div id=\"pg-3086-0\"  class=\"panel-grid panel-no-style\" ><div id=\"pgc-3086-0-0\"  class=\"panel-grid-cell\" ><div id=\"panel-3086-0-0-0\" class=\"so-panel widget widget_sow-image panel-first-child panel-last-child\" data-index=\"0\" ><div class=\"so-widget-sow-image so-widget-sow-image-default-17bc2272b535-3086\">\n\n<div class=\"sow-image-container\">\n\t\t<img src=\"http:\/\/www.gdg.tc\/wp-content\/uploads\/2017\/07\/tam_aydinlatma_direkleri.png\" width=\"1918\" height=\"400\" srcset=\"http:\/\/www.gdg.tc\/wp-content\/uploads\/2017\/07\/tam_aydinlatma_direkleri.png 1918w, http:\/\/www.gdg.tc\/wp-content\/uploads\/2017\/07\/tam_aydinlatma_direkleri-300x63.png 300w, http:\/\/www.gdg.tc\/wp-content\/uploads\/2017\/07\/tam_aydinlatma_direkleri-768x160.png 768w, http:\/\/www.gdg.tc\/wp-content\/uploads\/2017\/07\/tam_aydinlatma_direkleri-1024x214.png 1024w, http:\/\/www.gdg.tc\/wp-content\/uploads\/2017\/07\/tam_aydinlatma_direkleri-555x116.png 555w\" sizes=\"(max-width: 1918px) 100vw, 1918px\" alt=\"\" loading=\"lazy\" \t\tclass=\"so-widget-image\"\/>\n\t<\/div>\n\n<\/div><\/div><\/div><\/div><div id=\"pg-3086-1\"  class=\"panel-grid panel-no-style\" ><div id=\"pgc-3086-1-0\"  class=\"panel-grid-cell\" ><div id=\"panel-3086-1-0-0\" class=\"so-panel widget widget_sow-editor panel-first-child\" data-index=\"1\" ><div class=\"so-widget-sow-editor so-widget-sow-editor-base\"><h3 class=\"widget-title\">Lighting Poles<\/h3>\n<div class=\"siteorigin-widget-tinymce textwidget\">\n\t<\/p>\n<p>Highly experienced on polygonal and pipe lighting poles, G\u00fcneydo\u011fu Galvaniz provides lighting poles for highway, junction, city, stadium, construction yards and many other fields of use.<\/p>\n<p>G\u00fcneydo\u011fu Galvaniz provides turn-key lighting solutions, thanks to its experiences on galvanized lighting poles.<\/p><\/p>\n<\/div>\n<\/div><\/div><div id=\"panel-3086-1-0-1\" class=\"so-panel widget widget_sow-editor panel-last-child\" data-index=\"2\" ><div class=\"so-widget-sow-editor so-widget-sow-editor-base\">\n<div class=\"siteorigin-widget-tinymce textwidget\">\n\t<!-- index.php -->\n<div\n\tclass=\"ngg-galleryoverview ngg-ajax-pagination-none\"\n\tid=\"ngg-gallery-7361bad7fb07af6a725e7063e20554d3-1\">\n\n    \t\t<!-- Thumbnails -->\n\t\t\t\t<div id=\"ngg-image-0\" class=\"ngg-gallery-thumbnail-box\" >\n\t\t\t\t        <div class=\"ngg-gallery-thumbnail\">\n            <a href=\"http:\/\/www.gdg.tc\/wp-content\/gallery\/aydinlatma-direkleri\/lighting-1.jpg\"\n               title=\"\"\n               data-src=\"http:\/\/www.gdg.tc\/wp-content\/gallery\/aydinlatma-direkleri\/lighting-1.jpg\"\n               data-thumbnail=\"http:\/\/www.gdg.tc\/wp-content\/gallery\/aydinlatma-direkleri\/thumbs\/thumbs_lighting-1.jpg\"\n               data-image-id=\"35\"\n               data-title=\"lighting-1\"\n               data-description=\"\"\n               data-image-slug=\"lighting-1\"\n               class=\"ngg-fancybox\" rel=\"7361bad7fb07af6a725e7063e20554d3\">\n                <img\n                    title=\"lighting-1\"\n                    alt=\"lighting-1\"\n                    src=\"http:\/\/www.gdg.tc\/wp-content\/gallery\/aydinlatma-direkleri\/thumbs\/thumbs_lighting-1.jpg\"\n                    width=\"240\"\n                    height=\"160\"\n                    style=\"max-width:100%;\"\n                \/>\n            <\/a>\n        <\/div>\n\t\t\t\t\t\t\t<\/div> \n\t\t\t\n        \n\t\t\t\t<div id=\"ngg-image-1\" class=\"ngg-gallery-thumbnail-box\" >\n\t\t\t\t        <div class=\"ngg-gallery-thumbnail\">\n            <a href=\"http:\/\/www.gdg.tc\/wp-content\/gallery\/aydinlatma-direkleri\/lighting-2.jpg\"\n               title=\"\"\n               data-src=\"http:\/\/www.gdg.tc\/wp-content\/gallery\/aydinlatma-direkleri\/lighting-2.jpg\"\n               data-thumbnail=\"http:\/\/www.gdg.tc\/wp-content\/gallery\/aydinlatma-direkleri\/thumbs\/thumbs_lighting-2.jpg\"\n               data-image-id=\"36\"\n               data-title=\"lighting-2\"\n               data-description=\"\"\n               data-image-slug=\"lighting-2\"\n               class=\"ngg-fancybox\" rel=\"7361bad7fb07af6a725e7063e20554d3\">\n                <img\n                    title=\"lighting-2\"\n                    alt=\"lighting-2\"\n                    src=\"http:\/\/www.gdg.tc\/wp-content\/gallery\/aydinlatma-direkleri\/thumbs\/thumbs_lighting-2.jpg\"\n                    width=\"240\"\n                    height=\"160\"\n                    style=\"max-width:100%;\"\n                \/>\n            <\/a>\n        <\/div>\n\t\t\t\t\t\t\t<\/div> \n\t\t\t\n        \n\t\t\t\t<div id=\"ngg-image-2\" class=\"ngg-gallery-thumbnail-box\" >\n\t\t\t\t        <div class=\"ngg-gallery-thumbnail\">\n            <a href=\"http:\/\/www.gdg.tc\/wp-content\/gallery\/aydinlatma-direkleri\/lighting-3.jpg\"\n               title=\"\"\n               data-src=\"http:\/\/www.gdg.tc\/wp-content\/gallery\/aydinlatma-direkleri\/lighting-3.jpg\"\n               data-thumbnail=\"http:\/\/www.gdg.tc\/wp-content\/gallery\/aydinlatma-direkleri\/thumbs\/thumbs_lighting-3.jpg\"\n               data-image-id=\"37\"\n               data-title=\"lighting-3\"\n               data-description=\"\"\n               data-image-slug=\"lighting-3\"\n               class=\"ngg-fancybox\" rel=\"7361bad7fb07af6a725e7063e20554d3\">\n                <img\n                    title=\"lighting-3\"\n                    alt=\"lighting-3\"\n                    src=\"http:\/\/www.gdg.tc\/wp-content\/gallery\/aydinlatma-direkleri\/thumbs\/thumbs_lighting-3.jpg\"\n                    width=\"240\"\n                    height=\"160\"\n                    style=\"max-width:100%;\"\n                \/>\n            <\/a>\n        <\/div>\n\t\t\t\t\t\t\t<\/div> \n\t\t\t\n        \n\t\t\t\t<div id=\"ngg-image-3\" class=\"ngg-gallery-thumbnail-box\" >\n\t\t\t\t        <div class=\"ngg-gallery-thumbnail\">\n            <a href=\"http:\/\/www.gdg.tc\/wp-content\/gallery\/aydinlatma-direkleri\/lighting-4.jpg\"\n               title=\"\"\n               data-src=\"http:\/\/www.gdg.tc\/wp-content\/gallery\/aydinlatma-direkleri\/lighting-4.jpg\"\n               data-thumbnail=\"http:\/\/www.gdg.tc\/wp-content\/gallery\/aydinlatma-direkleri\/thumbs\/thumbs_lighting-4.jpg\"\n               data-image-id=\"38\"\n               data-title=\"lighting-4\"\n               data-description=\"\"\n               data-image-slug=\"lighting-4\"\n               class=\"ngg-fancybox\" rel=\"7361bad7fb07af6a725e7063e20554d3\">\n                <img\n                    title=\"lighting-4\"\n                    alt=\"lighting-4\"\n                    src=\"http:\/\/www.gdg.tc\/wp-content\/gallery\/aydinlatma-direkleri\/thumbs\/thumbs_lighting-4.jpg\"\n                    width=\"240\"\n                    height=\"160\"\n                    style=\"max-width:100%;\"\n                \/>\n            <\/a>\n        <\/div>\n\t\t\t\t\t\t\t<\/div> \n\t\t\t\n        \n\t\t\t\t<div id=\"ngg-image-4\" class=\"ngg-gallery-thumbnail-box\" >\n\t\t\t\t        <div class=\"ngg-gallery-thumbnail\">\n            <a href=\"http:\/\/www.gdg.tc\/wp-content\/gallery\/aydinlatma-direkleri\/lighting-5.jpg\"\n               title=\"\"\n               data-src=\"http:\/\/www.gdg.tc\/wp-content\/gallery\/aydinlatma-direkleri\/lighting-5.jpg\"\n               data-thumbnail=\"http:\/\/www.gdg.tc\/wp-content\/gallery\/aydinlatma-direkleri\/thumbs\/thumbs_lighting-5.jpg\"\n               data-image-id=\"39\"\n               data-title=\"lighting-5\"\n               data-description=\"\"\n               data-image-slug=\"lighting-5\"\n               class=\"ngg-fancybox\" rel=\"7361bad7fb07af6a725e7063e20554d3\">\n                <img\n                    title=\"lighting-5\"\n                    alt=\"lighting-5\"\n                    src=\"http:\/\/www.gdg.tc\/wp-content\/gallery\/aydinlatma-direkleri\/thumbs\/thumbs_lighting-5.jpg\"\n                    width=\"240\"\n                    height=\"160\"\n                    style=\"max-width:100%;\"\n                \/>\n            <\/a>\n        <\/div>\n\t\t\t\t\t\t\t<\/div> \n\t\t\t\n        \n\t\t\t\t<div id=\"ngg-image-5\" class=\"ngg-gallery-thumbnail-box\" >\n\t\t\t\t        <div class=\"ngg-gallery-thumbnail\">\n            <a href=\"http:\/\/www.gdg.tc\/wp-content\/gallery\/aydinlatma-direkleri\/lighting-6.jpg\"\n               title=\"\"\n               data-src=\"http:\/\/www.gdg.tc\/wp-content\/gallery\/aydinlatma-direkleri\/lighting-6.jpg\"\n               data-thumbnail=\"http:\/\/www.gdg.tc\/wp-content\/gallery\/aydinlatma-direkleri\/thumbs\/thumbs_lighting-6.jpg\"\n               data-image-id=\"40\"\n               data-title=\"lighting-6\"\n               data-description=\"\"\n               data-image-slug=\"lighting-6\"\n               class=\"ngg-fancybox\" rel=\"7361bad7fb07af6a725e7063e20554d3\">\n                <img\n                    title=\"lighting-6\"\n                    alt=\"lighting-6\"\n                    src=\"http:\/\/www.gdg.tc\/wp-content\/gallery\/aydinlatma-direkleri\/thumbs\/thumbs_lighting-6.jpg\"\n                    width=\"240\"\n                    height=\"160\"\n                    style=\"max-width:100%;\"\n                \/>\n            <\/a>\n        <\/div>\n\t\t\t\t\t\t\t<\/div> \n\t\t\t\n        \n\t\t\t\t<div id=\"ngg-image-6\" class=\"ngg-gallery-thumbnail-box\" >\n\t\t\t\t        <div class=\"ngg-gallery-thumbnail\">\n            <a href=\"http:\/\/www.gdg.tc\/wp-content\/gallery\/aydinlatma-direkleri\/lighting-7.jpg\"\n               title=\"\"\n               data-src=\"http:\/\/www.gdg.tc\/wp-content\/gallery\/aydinlatma-direkleri\/lighting-7.jpg\"\n               data-thumbnail=\"http:\/\/www.gdg.tc\/wp-content\/gallery\/aydinlatma-direkleri\/thumbs\/thumbs_lighting-7.jpg\"\n               data-image-id=\"41\"\n               data-title=\"lighting-7\"\n               data-description=\"\"\n               data-image-slug=\"lighting-7\"\n               class=\"ngg-fancybox\" rel=\"7361bad7fb07af6a725e7063e20554d3\">\n                <img\n                    title=\"lighting-7\"\n                    alt=\"lighting-7\"\n                    src=\"http:\/\/www.gdg.tc\/wp-content\/gallery\/aydinlatma-direkleri\/thumbs\/thumbs_lighting-7.jpg\"\n                    width=\"240\"\n                    height=\"160\"\n                    style=\"max-width:100%;\"\n                \/>\n            <\/a>\n        <\/div>\n\t\t\t\t\t\t\t<\/div> \n\t\t\t\n        \n\t\t\t\t<div id=\"ngg-image-7\" class=\"ngg-gallery-thumbnail-box\" >\n\t\t\t\t        <div class=\"ngg-gallery-thumbnail\">\n            <a href=\"http:\/\/www.gdg.tc\/wp-content\/gallery\/aydinlatma-direkleri\/lighting-8.jpg\"\n               title=\"\"\n               data-src=\"http:\/\/www.gdg.tc\/wp-content\/gallery\/aydinlatma-direkleri\/lighting-8.jpg\"\n               data-thumbnail=\"http:\/\/www.gdg.tc\/wp-content\/gallery\/aydinlatma-direkleri\/thumbs\/thumbs_lighting-8.jpg\"\n               data-image-id=\"42\"\n               data-title=\"lighting-8\"\n               data-description=\"\"\n               data-image-slug=\"lighting-8\"\n               class=\"ngg-fancybox\" rel=\"7361bad7fb07af6a725e7063e20554d3\">\n                <img\n                    title=\"lighting-8\"\n                    alt=\"lighting-8\"\n                    src=\"http:\/\/www.gdg.tc\/wp-content\/gallery\/aydinlatma-direkleri\/thumbs\/thumbs_lighting-8.jpg\"\n                    width=\"240\"\n                    height=\"160\"\n                    style=\"max-width:100%;\"\n                \/>\n            <\/a>\n        <\/div>\n\t\t\t\t\t\t\t<\/div> \n\t\t\t\n        \n\t\t\t\t<div id=\"ngg-image-8\" class=\"ngg-gallery-thumbnail-box\" >\n\t\t\t\t        <div class=\"ngg-gallery-thumbnail\">\n            <a href=\"http:\/\/www.gdg.tc\/wp-content\/gallery\/aydinlatma-direkleri\/lighting-9.jpg\"\n               title=\"\"\n               data-src=\"http:\/\/www.gdg.tc\/wp-content\/gallery\/aydinlatma-direkleri\/lighting-9.jpg\"\n               data-thumbnail=\"http:\/\/www.gdg.tc\/wp-content\/gallery\/aydinlatma-direkleri\/thumbs\/thumbs_lighting-9.jpg\"\n               data-image-id=\"43\"\n               data-title=\"lighting-9\"\n               data-description=\"\"\n               data-image-slug=\"lighting-9\"\n               class=\"ngg-fancybox\" rel=\"7361bad7fb07af6a725e7063e20554d3\">\n                <img\n                    title=\"lighting-9\"\n                    alt=\"lighting-9\"\n                    src=\"http:\/\/www.gdg.tc\/wp-content\/gallery\/aydinlatma-direkleri\/thumbs\/thumbs_lighting-9.jpg\"\n                    width=\"240\"\n                    height=\"160\"\n                    style=\"max-width:100%;\"\n                \/>\n            <\/a>\n        <\/div>\n\t\t\t\t\t\t\t<\/div> \n\t\t\t\n        \n\t\t\t\t<div id=\"ngg-image-9\" class=\"ngg-gallery-thumbnail-box\" >\n\t\t\t\t        <div class=\"ngg-gallery-thumbnail\">\n            <a href=\"http:\/\/www.gdg.tc\/wp-content\/gallery\/aydinlatma-direkleri\/lighting-10.jpg\"\n               title=\"\"\n               data-src=\"http:\/\/www.gdg.tc\/wp-content\/gallery\/aydinlatma-direkleri\/lighting-10.jpg\"\n               data-thumbnail=\"http:\/\/www.gdg.tc\/wp-content\/gallery\/aydinlatma-direkleri\/thumbs\/thumbs_lighting-10.jpg\"\n               data-image-id=\"44\"\n               data-title=\"lighting-10\"\n               data-description=\"\"\n               data-image-slug=\"lighting-10\"\n               class=\"ngg-fancybox\" rel=\"7361bad7fb07af6a725e7063e20554d3\">\n                <img\n                    title=\"lighting-10\"\n                    alt=\"lighting-10\"\n                    src=\"http:\/\/www.gdg.tc\/wp-content\/gallery\/aydinlatma-direkleri\/thumbs\/thumbs_lighting-10.jpg\"\n                    width=\"240\"\n                    height=\"160\"\n                    style=\"max-width:100%;\"\n                \/>\n            <\/a>\n        <\/div>\n\t\t\t\t\t\t\t<\/div> \n\t\t\t\n        \n\t\t\t\t<div id=\"ngg-image-10\" class=\"ngg-gallery-thumbnail-box\" >\n\t\t\t\t        <div class=\"ngg-gallery-thumbnail\">\n            <a href=\"http:\/\/www.gdg.tc\/wp-content\/gallery\/aydinlatma-direkleri\/lighting-17.jpg\"\n               title=\"\"\n               data-src=\"http:\/\/www.gdg.tc\/wp-content\/gallery\/aydinlatma-direkleri\/lighting-17.jpg\"\n               data-thumbnail=\"http:\/\/www.gdg.tc\/wp-content\/gallery\/aydinlatma-direkleri\/thumbs\/thumbs_lighting-17.jpg\"\n               data-image-id=\"51\"\n               data-title=\"lighting-17\"\n               data-description=\"\"\n               data-image-slug=\"lighting-17\"\n               class=\"ngg-fancybox\" rel=\"7361bad7fb07af6a725e7063e20554d3\">\n                <img\n                    title=\"lighting-17\"\n                    alt=\"lighting-17\"\n                    src=\"http:\/\/www.gdg.tc\/wp-content\/gallery\/aydinlatma-direkleri\/thumbs\/thumbs_lighting-17.jpg\"\n                    width=\"240\"\n                    height=\"160\"\n                    style=\"max-width:100%;\"\n                \/>\n            <\/a>\n        <\/div>\n\t\t\t\t\t\t\t<\/div> \n\t\t\t\n        \n\t\t\t\t<div id=\"ngg-image-11\" class=\"ngg-gallery-thumbnail-box\" >\n\t\t\t\t        <div class=\"ngg-gallery-thumbnail\">\n            <a href=\"http:\/\/www.gdg.tc\/wp-content\/gallery\/aydinlatma-direkleri\/lighting-18.jpg\"\n               title=\"\"\n               data-src=\"http:\/\/www.gdg.tc\/wp-content\/gallery\/aydinlatma-direkleri\/lighting-18.jpg\"\n               data-thumbnail=\"http:\/\/www.gdg.tc\/wp-content\/gallery\/aydinlatma-direkleri\/thumbs\/thumbs_lighting-18.jpg\"\n               data-image-id=\"52\"\n               data-title=\"lighting-18\"\n               data-description=\"\"\n               data-image-slug=\"lighting-18\"\n               class=\"ngg-fancybox\" rel=\"7361bad7fb07af6a725e7063e20554d3\">\n                <img\n                    title=\"lighting-18\"\n                    alt=\"lighting-18\"\n                    src=\"http:\/\/www.gdg.tc\/wp-content\/gallery\/aydinlatma-direkleri\/thumbs\/thumbs_lighting-18.jpg\"\n                    width=\"240\"\n                    height=\"160\"\n                    style=\"max-width:100%;\"\n                \/>\n            <\/a>\n        <\/div>\n\t\t\t\t\t\t\t<\/div> \n\t\t\t\n        \n\t\t\t\t<div id=\"ngg-image-12\" class=\"ngg-gallery-thumbnail-box\" >\n\t\t\t\t        <div class=\"ngg-gallery-thumbnail\">\n            <a href=\"http:\/\/www.gdg.tc\/wp-content\/gallery\/aydinlatma-direkleri\/lighting-19.jpg\"\n               title=\"\"\n               data-src=\"http:\/\/www.gdg.tc\/wp-content\/gallery\/aydinlatma-direkleri\/lighting-19.jpg\"\n               data-thumbnail=\"http:\/\/www.gdg.tc\/wp-content\/gallery\/aydinlatma-direkleri\/thumbs\/thumbs_lighting-19.jpg\"\n               data-image-id=\"53\"\n               data-title=\"lighting-19\"\n               data-description=\"\"\n               data-image-slug=\"lighting-19\"\n               class=\"ngg-fancybox\" rel=\"7361bad7fb07af6a725e7063e20554d3\">\n                <img\n                    title=\"lighting-19\"\n                    alt=\"lighting-19\"\n                    src=\"http:\/\/www.gdg.tc\/wp-content\/gallery\/aydinlatma-direkleri\/thumbs\/thumbs_lighting-19.jpg\"\n                    width=\"240\"\n                    height=\"160\"\n                    style=\"max-width:100%;\"\n                \/>\n            <\/a>\n        <\/div>\n\t\t\t\t\t\t\t<\/div> \n\t\t\t\n        \n\t\t\t\t<div id=\"ngg-image-13\" class=\"ngg-gallery-thumbnail-box\" >\n\t\t\t\t        <div class=\"ngg-gallery-thumbnail\">\n            <a href=\"http:\/\/www.gdg.tc\/wp-content\/gallery\/aydinlatma-direkleri\/lighting-21.jpg\"\n               title=\"\"\n               data-src=\"http:\/\/www.gdg.tc\/wp-content\/gallery\/aydinlatma-direkleri\/lighting-21.jpg\"\n               data-thumbnail=\"http:\/\/www.gdg.tc\/wp-content\/gallery\/aydinlatma-direkleri\/thumbs\/thumbs_lighting-21.jpg\"\n               data-image-id=\"55\"\n               data-title=\"lighting-21\"\n               data-description=\"\"\n               data-image-slug=\"lighting-21\"\n               class=\"ngg-fancybox\" rel=\"7361bad7fb07af6a725e7063e20554d3\">\n                <img\n                    title=\"lighting-21\"\n                    alt=\"lighting-21\"\n                    src=\"http:\/\/www.gdg.tc\/wp-content\/gallery\/aydinlatma-direkleri\/thumbs\/thumbs_lighting-21.jpg\"\n                    width=\"240\"\n                    height=\"160\"\n                    style=\"max-width:100%;\"\n                \/>\n            <\/a>\n        <\/div>\n\t\t\t\t\t\t\t<\/div> \n\t\t\t\n        \n\t\t\n\t\t<!-- Pagination -->\n\t<div class='ngg-clear'><\/div>\t<\/div>\n\n<\/div>\n<\/div><\/div><\/div><\/div><\/div>","protected":false},"excerpt":{"rendered":"<p>Highly experienced on polygonal and pipe lighting poles, G\u00fcneydo\u011fu Galvaniz provides lighting poles for highway, junction, city, stadium, construction yards and many other fields of use.G\u00fcneydo\u011fu Galvaniz provides turn-key lighting solutions, thanks to its experiences on galvanized lighting poles. &#8221; order_by=&#8221;sortorder&#8221; order_direction=&#8221;ASC&#8221; returns=&#8221;included&#8221; maximum_entity_count=&#8221;500&#8243;]<\/p>\n","protected":false},"author":1,"featured_media":0,"parent":0,"menu_order":0,"comment_status":"closed","ping_status":"closed","template":"","meta":{"_mi_skip_tracking":false,"ngg_post_thumbnail":0},"yoast_head":"<!-- This site is optimized with the Yoast SEO plugin v17.8 - https:\/\/yoast.com\/wordpress\/plugins\/seo\/ -->\n<title>Lighting Poles - G\u00fcneydo\u011fu Galvaniz<\/title>\n<meta name=\"robots\" content=\"index, follow, max-snippet:-1, max-image-preview:large, max-video-preview:-1\" \/>\n<link rel=\"canonical\" href=\"https:\/\/www.gdg.tc\/aydinlatma-direkleri\/\" \/>\n<meta property=\"og:locale\" content=\"en_US\" \/>\n<meta property=\"og:type\" content=\"article\" \/>\n<meta property=\"og:title\" content=\"[:tr]Ayd\u0131nlatma Direkleri[:en]Lighting Poles[:ar]Kurumsal[:] - G\u00fcneydo\u011fu Galvaniz\" \/>\n<meta property=\"og:description\" content=\"Highly experienced on polygonal and pipe lighting poles, G\u00fcneydo\u011fu Galvaniz provides lighting poles for highway, junction, city, stadium, construction yards and many other fields of use.G\u00fcneydo\u011fu Galvaniz provides turn-key lighting solutions, thanks to its experiences on galvanized lighting poles. &quot; order_by=&quot;sortorder&quot; order_direction=&quot;ASC&quot; returns=&quot;included&quot; maximum_entity_count=&quot;500&quot;]\" \/>\n<meta property=\"og:url\" content=\"https:\/\/www.gdg.tc\/aydinlatma-direkleri\/\" \/>\n<meta property=\"og:site_name\" content=\"G\u00fcneydo\u011fu Galvaniz\" \/>\n<meta property=\"article:modified_time\" content=\"2017-11-23T12:44:59+00:00\" \/>\n<meta name=\"twitter:card\" content=\"summary_large_image\" \/>\n<meta name=\"twitter:label1\" content=\"Est. reading time\" \/>\n\t<meta name=\"twitter:data1\" content=\"1 minute\" \/>\n<script type=\"application\/ld+json\" class=\"yoast-schema-graph\">{\"@context\":\"https:\/\/schema.org\",\"@graph\":[{\"@type\":\"Organization\",\"@id\":\"https:\/\/www.gdg.tc\/#organization\",\"name\":\"G\\u00fcneydo\\u011fu Galvaniz\",\"url\":\"https:\/\/www.gdg.tc\/\",\"sameAs\":[],\"logo\":{\"@type\":\"ImageObject\",\"@id\":\"https:\/\/www.gdg.tc\/#logo\",\"inLanguage\":\"en-US\",\"url\":\"https:\/\/www.gdg.tc\/wp-content\/uploads\/2017\/06\/logo-1.png\",\"contentUrl\":\"https:\/\/www.gdg.tc\/wp-content\/uploads\/2017\/06\/logo-1.png\",\"width\":189,\"height\":67,\"caption\":\"G\\u00fcneydo\\u011fu Galvaniz\"},\"image\":{\"@id\":\"https:\/\/www.gdg.tc\/#logo\"}},{\"@type\":\"WebSite\",\"@id\":\"https:\/\/www.gdg.tc\/#website\",\"url\":\"https:\/\/www.gdg.tc\/\",\"name\":\"G\\u00fcneydo\\u011fu Galvaniz\",\"description\":\"\\u00c7eli\\u011fin Hayat Buldu\\u011fu Yer...\",\"publisher\":{\"@id\":\"https:\/\/www.gdg.tc\/#organization\"},\"potentialAction\":[{\"@type\":\"SearchAction\",\"target\":{\"@type\":\"EntryPoint\",\"urlTemplate\":\"https:\/\/www.gdg.tc\/?s={search_term_string}\"},\"query-input\":\"required name=search_term_string\"}],\"inLanguage\":\"en-US\"},{\"@type\":\"WebPage\",\"@id\":\"https:\/\/www.gdg.tc\/aydinlatma-direkleri\/#webpage\",\"url\":\"https:\/\/www.gdg.tc\/aydinlatma-direkleri\/\",\"name\":\"[:tr]Ayd\\u0131nlatma Direkleri[:en]Lighting Poles[:ar]Kurumsal[:] - G\\u00fcneydo\\u011fu Galvaniz\",\"isPartOf\":{\"@id\":\"https:\/\/www.gdg.tc\/#website\"},\"datePublished\":\"2017-07-07T07:28:05+00:00\",\"dateModified\":\"2017-11-23T12:44:59+00:00\",\"breadcrumb\":{\"@id\":\"https:\/\/www.gdg.tc\/aydinlatma-direkleri\/#breadcrumb\"},\"inLanguage\":\"en-US\",\"potentialAction\":[{\"@type\":\"ReadAction\",\"target\":[\"https:\/\/www.gdg.tc\/aydinlatma-direkleri\/\"]}]},{\"@type\":\"BreadcrumbList\",\"@id\":\"https:\/\/www.gdg.tc\/aydinlatma-direkleri\/#breadcrumb\",\"itemListElement\":[{\"@type\":\"ListItem\",\"position\":1,\"name\":\"Ana sayfa\",\"item\":\"https:\/\/www.gdg.tc\/\"},{\"@type\":\"ListItem\",\"position\":2,\"name\":\"Ayd\\u0131nlatma Direkleri\"}]}]}<\/script>\n<!-- \/ Yoast SEO plugin. -->","yoast_head_json":{"title":"[:tr]Ayd\u0131nlatma Direkleri[:en]Lighting Poles[:ar]Kurumsal[:] - G\u00fcneydo\u011fu Galvaniz","robots":{"index":"index","follow":"follow","max-snippet":"max-snippet:-1","max-image-preview":"max-image-preview:large","max-video-preview":"max-video-preview:-1"},"canonical":"https:\/\/www.gdg.tc\/aydinlatma-direkleri\/","og_locale":"en_US","og_type":"article","og_title":"[:tr]Ayd\u0131nlatma Direkleri[:en]Lighting Poles[:ar]Kurumsal[:] - G\u00fcneydo\u011fu Galvaniz","og_description":"Highly experienced on polygonal and pipe lighting poles, G\u00fcneydo\u011fu Galvaniz provides lighting poles for highway, junction, city, stadium, construction yards and many other fields of use.G\u00fcneydo\u011fu Galvaniz provides turn-key lighting solutions, thanks to its experiences on galvanized lighting poles. \" order_by=\"sortorder\" order_direction=\"ASC\" returns=\"included\" maximum_entity_count=\"500\"]","og_url":"https:\/\/www.gdg.tc\/aydinlatma-direkleri\/","og_site_name":"G\u00fcneydo\u011fu Galvaniz","article_modified_time":"2017-11-23T12:44:59+00:00","twitter_card":"summary_large_image","twitter_misc":{"Est. reading time":"1 minute"},"schema":{"@context":"https:\/\/schema.org","@graph":[{"@type":"Organization","@id":"https:\/\/www.gdg.tc\/#organization","name":"G\u00fcneydo\u011fu Galvaniz","url":"https:\/\/www.gdg.tc\/","sameAs":[],"logo":{"@type":"ImageObject","@id":"https:\/\/www.gdg.tc\/#logo","inLanguage":"en-US","url":"https:\/\/www.gdg.tc\/wp-content\/uploads\/2017\/06\/logo-1.png","contentUrl":"https:\/\/www.gdg.tc\/wp-content\/uploads\/2017\/06\/logo-1.png","width":189,"height":67,"caption":"G\u00fcneydo\u011fu Galvaniz"},"image":{"@id":"https:\/\/www.gdg.tc\/#logo"}},{"@type":"WebSite","@id":"https:\/\/www.gdg.tc\/#website","url":"https:\/\/www.gdg.tc\/","name":"G\u00fcneydo\u011fu Galvaniz","description":"\u00c7eli\u011fin Hayat Buldu\u011fu Yer...","publisher":{"@id":"https:\/\/www.gdg.tc\/#organization"},"potentialAction":[{"@type":"SearchAction","target":{"@type":"EntryPoint","urlTemplate":"https:\/\/www.gdg.tc\/?s={search_term_string}"},"query-input":"required name=search_term_string"}],"inLanguage":"en-US"},{"@type":"WebPage","@id":"https:\/\/www.gdg.tc\/aydinlatma-direkleri\/#webpage","url":"https:\/\/www.gdg.tc\/aydinlatma-direkleri\/","name":"[:tr]Ayd\u0131nlatma Direkleri[:en]Lighting Poles[:ar]Kurumsal[:] - G\u00fcneydo\u011fu Galvaniz","isPartOf":{"@id":"https:\/\/www.gdg.tc\/#website"},"datePublished":"2017-07-07T07:28:05+00:00","dateModified":"2017-11-23T12:44:59+00:00","breadcrumb":{"@id":"https:\/\/www.gdg.tc\/aydinlatma-direkleri\/#breadcrumb"},"inLanguage":"en-US","potentialAction":[{"@type":"ReadAction","target":["https:\/\/www.gdg.tc\/aydinlatma-direkleri\/"]}]},{"@type":"BreadcrumbList","@id":"https:\/\/www.gdg.tc\/aydinlatma-direkleri\/#breadcrumb","itemListElement":[{"@type":"ListItem","position":1,"name":"Ana sayfa","item":"https:\/\/www.gdg.tc\/"},{"@type":"ListItem","position":2,"name":"Ayd\u0131nlatma Direkleri"}]}]}},"_links":{"self":[{"href":"http:\/\/www.gdg.tc\/en\/wp-json\/wp\/v2\/pages\/3086"}],"collection":[{"href":"http:\/\/www.gdg.tc\/en\/wp-json\/wp\/v2\/pages"}],"about":[{"href":"http:\/\/www.gdg.tc\/en\/wp-json\/wp\/v2\/types\/page"}],"author":[{"embeddable":true,"href":"http:\/\/www.gdg.tc\/en\/wp-json\/wp\/v2\/users\/1"}],"replies":[{"embeddable":true,"href":"http:\/\/www.gdg.tc\/en\/wp-json\/wp\/v2\/comments?post=3086"}],"version-history":[{"count":4,"href":"http:\/\/www.gdg.tc\/en\/wp-json\/wp\/v2\/pages\/3086\/revisions"}],"predecessor-version":[{"id":3536,"href":"http:\/\/www.gdg.tc\/en\/wp-json\/wp\/v2\/pages\/3086\/revisions\/3536"}],"wp:attachment":[{"href":"http:\/\/www.gdg.tc\/en\/wp-json\/wp\/v2\/media?parent=3086"}],"curies":[{"name":"wp","href":"https:\/\/api.w.org\/{rel}","templated":true}]}}