{"id":3170,"date":"2017-07-07T10:36:05","date_gmt":"2017-07-07T07:36:05","guid":{"rendered":"http:\/\/www.gdg.tc\/?page_id=3170"},"modified":"2017-11-23T15:55:20","modified_gmt":"2017-11-23T12:55:20","slug":"bariyer","status":"publish","type":"page","link":"http:\/\/www.gdg.tc\/en\/bariyer\/","title":{"rendered":"Guardrail"},"content":{"rendered":"<div id=\"pl-3170\"  class=\"panel-layout\" ><div id=\"pg-3170-0\"  class=\"panel-grid panel-no-style\" ><div id=\"pgc-3170-0-0\"  class=\"panel-grid-cell\" ><div id=\"panel-3170-0-0-0\" class=\"so-panel widget widget_sow-image panel-first-child panel-last-child\" data-index=\"0\" ><div class=\"so-widget-sow-image so-widget-sow-image-default-17bc2272b535-3170\">\n\n<div class=\"sow-image-container\">\n\t\t<img src=\"http:\/\/www.gdg.tc\/wp-content\/uploads\/2017\/07\/tam_bariyer.png\" width=\"1918\" height=\"400\" srcset=\"http:\/\/www.gdg.tc\/wp-content\/uploads\/2017\/07\/tam_bariyer.png 1918w, http:\/\/www.gdg.tc\/wp-content\/uploads\/2017\/07\/tam_bariyer-300x63.png 300w, http:\/\/www.gdg.tc\/wp-content\/uploads\/2017\/07\/tam_bariyer-768x160.png 768w, http:\/\/www.gdg.tc\/wp-content\/uploads\/2017\/07\/tam_bariyer-1024x214.png 1024w, http:\/\/www.gdg.tc\/wp-content\/uploads\/2017\/07\/tam_bariyer-555x116.png 555w\" sizes=\"(max-width: 1918px) 100vw, 1918px\" alt=\"\" loading=\"lazy\" \t\tclass=\"so-widget-image\"\/>\n\t<\/div>\n\n<\/div><\/div><\/div><\/div><div id=\"pg-3170-1\"  class=\"panel-grid panel-no-style\" ><div id=\"pgc-3170-1-0\"  class=\"panel-grid-cell\" ><div id=\"panel-3170-1-0-0\" class=\"so-panel widget widget_sow-editor panel-first-child panel-last-child\" data-index=\"1\" ><div class=\"so-widget-sow-editor so-widget-sow-editor-base\"><h3 class=\"widget-title\">Guardrail<\/h3>\n<div class=\"siteorigin-widget-tinymce textwidget\">\n\t<!-- index.php -->\n<div\n\tclass=\"ngg-galleryoverview ngg-ajax-pagination-none\"\n\tid=\"ngg-gallery-8d2abad4b1d7e4feaff22a1fc3643034-1\">\n\n    \t\t<!-- Thumbnails -->\n\t\t\t\t<div id=\"ngg-image-0\" class=\"ngg-gallery-thumbnail-box\" >\n\t\t\t\t        <div class=\"ngg-gallery-thumbnail\">\n            <a href=\"http:\/\/www.gdg.tc\/wp-content\/gallery\/bariyer\/guardrail-1.jpg\"\n               title=\"\"\n               data-src=\"http:\/\/www.gdg.tc\/wp-content\/gallery\/bariyer\/guardrail-1.jpg\"\n               data-thumbnail=\"http:\/\/www.gdg.tc\/wp-content\/gallery\/bariyer\/thumbs\/thumbs_guardrail-1.jpg\"\n               data-image-id=\"65\"\n               data-title=\"guardrail-1\"\n               data-description=\"\"\n               data-image-slug=\"guardrail-1\"\n               class=\"ngg-fancybox\" rel=\"8d2abad4b1d7e4feaff22a1fc3643034\">\n                <img\n                    title=\"guardrail-1\"\n                    alt=\"guardrail-1\"\n                    src=\"http:\/\/www.gdg.tc\/wp-content\/gallery\/bariyer\/thumbs\/thumbs_guardrail-1.jpg\"\n                    width=\"240\"\n                    height=\"160\"\n                    style=\"max-width:100%;\"\n                \/>\n            <\/a>\n        <\/div>\n\t\t\t\t\t\t\t<\/div> \n\t\t\t\n        \n\t\t\t\t<div id=\"ngg-image-1\" class=\"ngg-gallery-thumbnail-box\" >\n\t\t\t\t        <div class=\"ngg-gallery-thumbnail\">\n            <a href=\"http:\/\/www.gdg.tc\/wp-content\/gallery\/bariyer\/guardrail-2.jpg\"\n               title=\"\"\n               data-src=\"http:\/\/www.gdg.tc\/wp-content\/gallery\/bariyer\/guardrail-2.jpg\"\n               data-thumbnail=\"http:\/\/www.gdg.tc\/wp-content\/gallery\/bariyer\/thumbs\/thumbs_guardrail-2.jpg\"\n               data-image-id=\"66\"\n               data-title=\"guardrail-2\"\n               data-description=\"\"\n               data-image-slug=\"guardrail-2\"\n               class=\"ngg-fancybox\" rel=\"8d2abad4b1d7e4feaff22a1fc3643034\">\n                <img\n                    title=\"guardrail-2\"\n                    alt=\"guardrail-2\"\n                    src=\"http:\/\/www.gdg.tc\/wp-content\/gallery\/bariyer\/thumbs\/thumbs_guardrail-2.jpg\"\n                    width=\"240\"\n                    height=\"160\"\n                    style=\"max-width:100%;\"\n                \/>\n            <\/a>\n        <\/div>\n\t\t\t\t\t\t\t<\/div> \n\t\t\t\n        \n\t\t\t\t<div id=\"ngg-image-2\" class=\"ngg-gallery-thumbnail-box\" >\n\t\t\t\t        <div class=\"ngg-gallery-thumbnail\">\n            <a href=\"http:\/\/www.gdg.tc\/wp-content\/gallery\/bariyer\/guardrail-3.jpg\"\n               title=\"\"\n               data-src=\"http:\/\/www.gdg.tc\/wp-content\/gallery\/bariyer\/guardrail-3.jpg\"\n               data-thumbnail=\"http:\/\/www.gdg.tc\/wp-content\/gallery\/bariyer\/thumbs\/thumbs_guardrail-3.jpg\"\n               data-image-id=\"67\"\n               data-title=\"guardrail-3\"\n               data-description=\"\"\n               data-image-slug=\"guardrail-3\"\n               class=\"ngg-fancybox\" rel=\"8d2abad4b1d7e4feaff22a1fc3643034\">\n                <img\n                    title=\"guardrail-3\"\n                    alt=\"guardrail-3\"\n                    src=\"http:\/\/www.gdg.tc\/wp-content\/gallery\/bariyer\/thumbs\/thumbs_guardrail-3.jpg\"\n                    width=\"240\"\n                    height=\"160\"\n                    style=\"max-width:100%;\"\n                \/>\n            <\/a>\n        <\/div>\n\t\t\t\t\t\t\t<\/div> \n\t\t\t\n        \n\t\t\t\t<div id=\"ngg-image-3\" class=\"ngg-gallery-thumbnail-box\" >\n\t\t\t\t        <div class=\"ngg-gallery-thumbnail\">\n            <a href=\"http:\/\/www.gdg.tc\/wp-content\/gallery\/bariyer\/guardrail-4.jpg\"\n               title=\"\"\n               data-src=\"http:\/\/www.gdg.tc\/wp-content\/gallery\/bariyer\/guardrail-4.jpg\"\n               data-thumbnail=\"http:\/\/www.gdg.tc\/wp-content\/gallery\/bariyer\/thumbs\/thumbs_guardrail-4.jpg\"\n               data-image-id=\"68\"\n               data-title=\"guardrail-4\"\n               data-description=\"\"\n               data-image-slug=\"guardrail-4\"\n               class=\"ngg-fancybox\" rel=\"8d2abad4b1d7e4feaff22a1fc3643034\">\n                <img\n                    title=\"guardrail-4\"\n                    alt=\"guardrail-4\"\n                    src=\"http:\/\/www.gdg.tc\/wp-content\/gallery\/bariyer\/thumbs\/thumbs_guardrail-4.jpg\"\n                    width=\"240\"\n                    height=\"160\"\n                    style=\"max-width:100%;\"\n                \/>\n            <\/a>\n        <\/div>\n\t\t\t\t\t\t\t<\/div> \n\t\t\t\n        \n\t\t\t\t<div id=\"ngg-image-4\" class=\"ngg-gallery-thumbnail-box\" >\n\t\t\t\t        <div class=\"ngg-gallery-thumbnail\">\n            <a href=\"http:\/\/www.gdg.tc\/wp-content\/gallery\/bariyer\/guardrail-5.jpg\"\n               title=\"\"\n               data-src=\"http:\/\/www.gdg.tc\/wp-content\/gallery\/bariyer\/guardrail-5.jpg\"\n               data-thumbnail=\"http:\/\/www.gdg.tc\/wp-content\/gallery\/bariyer\/thumbs\/thumbs_guardrail-5.jpg\"\n               data-image-id=\"69\"\n               data-title=\"guardrail-5\"\n               data-description=\"\"\n               data-image-slug=\"guardrail-5\"\n               class=\"ngg-fancybox\" rel=\"8d2abad4b1d7e4feaff22a1fc3643034\">\n                <img\n                    title=\"guardrail-5\"\n                    alt=\"guardrail-5\"\n                    src=\"http:\/\/www.gdg.tc\/wp-content\/gallery\/bariyer\/thumbs\/thumbs_guardrail-5.jpg\"\n                    width=\"240\"\n                    height=\"160\"\n                    style=\"max-width:100%;\"\n                \/>\n            <\/a>\n        <\/div>\n\t\t\t\t\t\t\t<\/div> \n\t\t\t\n        \n\t\t\t\t<div id=\"ngg-image-5\" class=\"ngg-gallery-thumbnail-box\" >\n\t\t\t\t        <div class=\"ngg-gallery-thumbnail\">\n            <a href=\"http:\/\/www.gdg.tc\/wp-content\/gallery\/bariyer\/guardrail-6.jpg\"\n               title=\"\"\n               data-src=\"http:\/\/www.gdg.tc\/wp-content\/gallery\/bariyer\/guardrail-6.jpg\"\n               data-thumbnail=\"http:\/\/www.gdg.tc\/wp-content\/gallery\/bariyer\/thumbs\/thumbs_guardrail-6.jpg\"\n               data-image-id=\"70\"\n               data-title=\"guardrail-6\"\n               data-description=\"\"\n               data-image-slug=\"guardrail-6\"\n               class=\"ngg-fancybox\" rel=\"8d2abad4b1d7e4feaff22a1fc3643034\">\n                <img\n                    title=\"guardrail-6\"\n                    alt=\"guardrail-6\"\n                    src=\"http:\/\/www.gdg.tc\/wp-content\/gallery\/bariyer\/thumbs\/thumbs_guardrail-6.jpg\"\n                    width=\"240\"\n                    height=\"160\"\n                    style=\"max-width:100%;\"\n                \/>\n            <\/a>\n        <\/div>\n\t\t\t\t\t\t\t<\/div> \n\t\t\t\n        \n\t\t\t\t<div id=\"ngg-image-6\" class=\"ngg-gallery-thumbnail-box\" >\n\t\t\t\t        <div class=\"ngg-gallery-thumbnail\">\n            <a href=\"http:\/\/www.gdg.tc\/wp-content\/gallery\/bariyer\/guardrail-7.jpg\"\n               title=\"\"\n               data-src=\"http:\/\/www.gdg.tc\/wp-content\/gallery\/bariyer\/guardrail-7.jpg\"\n               data-thumbnail=\"http:\/\/www.gdg.tc\/wp-content\/gallery\/bariyer\/thumbs\/thumbs_guardrail-7.jpg\"\n               data-image-id=\"71\"\n               data-title=\"guardrail-7\"\n               data-description=\"\"\n               data-image-slug=\"guardrail-7\"\n               class=\"ngg-fancybox\" rel=\"8d2abad4b1d7e4feaff22a1fc3643034\">\n                <img\n                    title=\"guardrail-7\"\n                    alt=\"guardrail-7\"\n                    src=\"http:\/\/www.gdg.tc\/wp-content\/gallery\/bariyer\/thumbs\/thumbs_guardrail-7.jpg\"\n                    width=\"240\"\n                    height=\"160\"\n                    style=\"max-width:100%;\"\n                \/>\n            <\/a>\n        <\/div>\n\t\t\t\t\t\t\t<\/div> \n\t\t\t\n        \n\t\t\t\t<div id=\"ngg-image-7\" class=\"ngg-gallery-thumbnail-box\" >\n\t\t\t\t        <div class=\"ngg-gallery-thumbnail\">\n            <a href=\"http:\/\/www.gdg.tc\/wp-content\/gallery\/bariyer\/guardrail-8.jpg\"\n               title=\"\"\n               data-src=\"http:\/\/www.gdg.tc\/wp-content\/gallery\/bariyer\/guardrail-8.jpg\"\n               data-thumbnail=\"http:\/\/www.gdg.tc\/wp-content\/gallery\/bariyer\/thumbs\/thumbs_guardrail-8.jpg\"\n               data-image-id=\"72\"\n               data-title=\"guardrail-8\"\n               data-description=\"\"\n               data-image-slug=\"guardrail-8\"\n               class=\"ngg-fancybox\" rel=\"8d2abad4b1d7e4feaff22a1fc3643034\">\n                <img\n                    title=\"guardrail-8\"\n                    alt=\"guardrail-8\"\n                    src=\"http:\/\/www.gdg.tc\/wp-content\/gallery\/bariyer\/thumbs\/thumbs_guardrail-8.jpg\"\n                    width=\"240\"\n                    height=\"160\"\n                    style=\"max-width:100%;\"\n                \/>\n            <\/a>\n        <\/div>\n\t\t\t\t\t\t\t<\/div> \n\t\t\t\n        \n\t\t\n\t\t<!-- Pagination -->\n\t<div class='ngg-clear'><\/div>\t<\/div>\n\n<\/div>\n<\/div><\/div><\/div><\/div><\/div>","protected":false},"excerpt":{"rendered":"<p>&#8221; order_by=&#8221;sortorder&#8221; order_direction=&#8221;ASC&#8221; returns=&#8221;included&#8221; maximum_entity_count=&#8221;500&#8243;]<\/p>\n","protected":false},"author":1,"featured_media":0,"parent":0,"menu_order":0,"comment_status":"closed","ping_status":"closed","template":"","meta":{"_mi_skip_tracking":false,"ngg_post_thumbnail":0},"yoast_head":"<!-- This site is optimized with the Yoast SEO plugin v17.8 - https:\/\/yoast.com\/wordpress\/plugins\/seo\/ -->\n<title>Guardrail - G\u00fcneydo\u011fu Galvaniz<\/title>\n<meta name=\"robots\" content=\"index, follow, max-snippet:-1, max-image-preview:large, max-video-preview:-1\" \/>\n<link rel=\"canonical\" href=\"http:\/\/www.gdg.tc\/bariyer\/\" \/>\n<meta property=\"og:locale\" content=\"en_US\" \/>\n<meta property=\"og:type\" content=\"article\" \/>\n<meta property=\"og:title\" content=\"[:tr]Bariyer[:en]Guardrail[:ar]Kurumsal[:] - G\u00fcneydo\u011fu Galvaniz\" \/>\n<meta property=\"og:description\" content=\"&quot; order_by=&quot;sortorder&quot; order_direction=&quot;ASC&quot; returns=&quot;included&quot; maximum_entity_count=&quot;500&quot;]\" \/>\n<meta property=\"og:url\" content=\"http:\/\/www.gdg.tc\/bariyer\/\" \/>\n<meta property=\"og:site_name\" content=\"G\u00fcneydo\u011fu Galvaniz\" \/>\n<meta property=\"article:modified_time\" content=\"2017-11-23T12:55:20+00:00\" \/>\n<meta name=\"twitter:card\" content=\"summary_large_image\" \/>\n<script type=\"application\/ld+json\" class=\"yoast-schema-graph\">{\"@context\":\"https:\/\/schema.org\",\"@graph\":[{\"@type\":\"Organization\",\"@id\":\"http:\/\/www.gdg.tc\/#organization\",\"name\":\"G\\u00fcneydo\\u011fu Galvaniz\",\"url\":\"http:\/\/www.gdg.tc\/\",\"sameAs\":[],\"logo\":{\"@type\":\"ImageObject\",\"@id\":\"http:\/\/www.gdg.tc\/#logo\",\"inLanguage\":\"en-US\",\"url\":\"https:\/\/www.gdg.tc\/wp-content\/uploads\/2017\/06\/logo-1.png\",\"contentUrl\":\"https:\/\/www.gdg.tc\/wp-content\/uploads\/2017\/06\/logo-1.png\",\"width\":189,\"height\":67,\"caption\":\"G\\u00fcneydo\\u011fu Galvaniz\"},\"image\":{\"@id\":\"http:\/\/www.gdg.tc\/#logo\"}},{\"@type\":\"WebSite\",\"@id\":\"http:\/\/www.gdg.tc\/#website\",\"url\":\"http:\/\/www.gdg.tc\/\",\"name\":\"G\\u00fcneydo\\u011fu Galvaniz\",\"description\":\"\\u00c7eli\\u011fin Hayat Buldu\\u011fu Yer...\",\"publisher\":{\"@id\":\"http:\/\/www.gdg.tc\/#organization\"},\"potentialAction\":[{\"@type\":\"SearchAction\",\"target\":{\"@type\":\"EntryPoint\",\"urlTemplate\":\"http:\/\/www.gdg.tc\/?s={search_term_string}\"},\"query-input\":\"required name=search_term_string\"}],\"inLanguage\":\"en-US\"},{\"@type\":\"WebPage\",\"@id\":\"http:\/\/www.gdg.tc\/bariyer\/#webpage\",\"url\":\"http:\/\/www.gdg.tc\/bariyer\/\",\"name\":\"[:tr]Bariyer[:en]Guardrail[:ar]Kurumsal[:] - G\\u00fcneydo\\u011fu Galvaniz\",\"isPartOf\":{\"@id\":\"http:\/\/www.gdg.tc\/#website\"},\"datePublished\":\"2017-07-07T07:36:05+00:00\",\"dateModified\":\"2017-11-23T12:55:20+00:00\",\"breadcrumb\":{\"@id\":\"http:\/\/www.gdg.tc\/bariyer\/#breadcrumb\"},\"inLanguage\":\"en-US\",\"potentialAction\":[{\"@type\":\"ReadAction\",\"target\":[\"http:\/\/www.gdg.tc\/bariyer\/\"]}]},{\"@type\":\"BreadcrumbList\",\"@id\":\"http:\/\/www.gdg.tc\/bariyer\/#breadcrumb\",\"itemListElement\":[{\"@type\":\"ListItem\",\"position\":1,\"name\":\"Ana sayfa\",\"item\":\"http:\/\/www.gdg.tc\/en\/\"},{\"@type\":\"ListItem\",\"position\":2,\"name\":\"Bariyer\"}]}]}<\/script>\n<!-- \/ Yoast SEO plugin. -->","yoast_head_json":{"title":"[:tr]Bariyer[:en]Guardrail[:ar]Kurumsal[:] - G\u00fcneydo\u011fu Galvaniz","robots":{"index":"index","follow":"follow","max-snippet":"max-snippet:-1","max-image-preview":"max-image-preview:large","max-video-preview":"max-video-preview:-1"},"canonical":"http:\/\/www.gdg.tc\/bariyer\/","og_locale":"en_US","og_type":"article","og_title":"[:tr]Bariyer[:en]Guardrail[:ar]Kurumsal[:] - G\u00fcneydo\u011fu Galvaniz","og_description":"\" order_by=\"sortorder\" order_direction=\"ASC\" returns=\"included\" maximum_entity_count=\"500\"]","og_url":"http:\/\/www.gdg.tc\/bariyer\/","og_site_name":"G\u00fcneydo\u011fu Galvaniz","article_modified_time":"2017-11-23T12:55:20+00:00","twitter_card":"summary_large_image","schema":{"@context":"https:\/\/schema.org","@graph":[{"@type":"Organization","@id":"http:\/\/www.gdg.tc\/#organization","name":"G\u00fcneydo\u011fu Galvaniz","url":"http:\/\/www.gdg.tc\/","sameAs":[],"logo":{"@type":"ImageObject","@id":"http:\/\/www.gdg.tc\/#logo","inLanguage":"en-US","url":"https:\/\/www.gdg.tc\/wp-content\/uploads\/2017\/06\/logo-1.png","contentUrl":"https:\/\/www.gdg.tc\/wp-content\/uploads\/2017\/06\/logo-1.png","width":189,"height":67,"caption":"G\u00fcneydo\u011fu Galvaniz"},"image":{"@id":"http:\/\/www.gdg.tc\/#logo"}},{"@type":"WebSite","@id":"http:\/\/www.gdg.tc\/#website","url":"http:\/\/www.gdg.tc\/","name":"G\u00fcneydo\u011fu Galvaniz","description":"\u00c7eli\u011fin Hayat Buldu\u011fu Yer...","publisher":{"@id":"http:\/\/www.gdg.tc\/#organization"},"potentialAction":[{"@type":"SearchAction","target":{"@type":"EntryPoint","urlTemplate":"http:\/\/www.gdg.tc\/?s={search_term_string}"},"query-input":"required name=search_term_string"}],"inLanguage":"en-US"},{"@type":"WebPage","@id":"http:\/\/www.gdg.tc\/bariyer\/#webpage","url":"http:\/\/www.gdg.tc\/bariyer\/","name":"[:tr]Bariyer[:en]Guardrail[:ar]Kurumsal[:] - G\u00fcneydo\u011fu Galvaniz","isPartOf":{"@id":"http:\/\/www.gdg.tc\/#website"},"datePublished":"2017-07-07T07:36:05+00:00","dateModified":"2017-11-23T12:55:20+00:00","breadcrumb":{"@id":"http:\/\/www.gdg.tc\/bariyer\/#breadcrumb"},"inLanguage":"en-US","potentialAction":[{"@type":"ReadAction","target":["http:\/\/www.gdg.tc\/bariyer\/"]}]},{"@type":"BreadcrumbList","@id":"http:\/\/www.gdg.tc\/bariyer\/#breadcrumb","itemListElement":[{"@type":"ListItem","position":1,"name":"Ana sayfa","item":"http:\/\/www.gdg.tc\/en\/"},{"@type":"ListItem","position":2,"name":"Bariyer"}]}]}},"_links":{"self":[{"href":"http:\/\/www.gdg.tc\/en\/wp-json\/wp\/v2\/pages\/3170"}],"collection":[{"href":"http:\/\/www.gdg.tc\/en\/wp-json\/wp\/v2\/pages"}],"about":[{"href":"http:\/\/www.gdg.tc\/en\/wp-json\/wp\/v2\/types\/page"}],"author":[{"embeddable":true,"href":"http:\/\/www.gdg.tc\/en\/wp-json\/wp\/v2\/users\/1"}],"replies":[{"embeddable":true,"href":"http:\/\/www.gdg.tc\/en\/wp-json\/wp\/v2\/comments?post=3170"}],"version-history":[{"count":4,"href":"http:\/\/www.gdg.tc\/en\/wp-json\/wp\/v2\/pages\/3170\/revisions"}],"predecessor-version":[{"id":3542,"href":"http:\/\/www.gdg.tc\/en\/wp-json\/wp\/v2\/pages\/3170\/revisions\/3542"}],"wp:attachment":[{"href":"http:\/\/www.gdg.tc\/en\/wp-json\/wp\/v2\/media?parent=3170"}],"curies":[{"name":"wp","href":"https:\/\/api.w.org\/{rel}","templated":true}]}}