{"id":3184,"date":"2017-07-07T10:40:55","date_gmt":"2017-07-07T07:40:55","guid":{"rendered":"http:\/\/www.gdg.tc\/?page_id=3184"},"modified":"2017-11-23T15:56:22","modified_gmt":"2017-11-23T12:56:22","slug":"diger-uretim-alanlari","status":"publish","type":"page","link":"http:\/\/www.gdg.tc\/en\/diger-uretim-alanlari\/","title":{"rendered":"Other Manufacturing Fields"},"content":{"rendered":"<div id=\"pl-3184\"  class=\"panel-layout\" ><div id=\"pg-3184-0\"  class=\"panel-grid panel-no-style\" ><div id=\"pgc-3184-0-0\"  class=\"panel-grid-cell\" ><div id=\"panel-3184-0-0-0\" class=\"so-panel widget widget_sow-image panel-first-child panel-last-child\" data-index=\"0\" ><div class=\"so-widget-sow-image so-widget-sow-image-default-17bc2272b535-3184\">\n\n<div class=\"sow-image-container\">\n\t\t<img src=\"http:\/\/www.gdg.tc\/wp-content\/uploads\/2017\/07\/tam_diger_uretim_alanlari.png\" width=\"1918\" height=\"400\" srcset=\"http:\/\/www.gdg.tc\/wp-content\/uploads\/2017\/07\/tam_diger_uretim_alanlari.png 1918w, http:\/\/www.gdg.tc\/wp-content\/uploads\/2017\/07\/tam_diger_uretim_alanlari-300x63.png 300w, http:\/\/www.gdg.tc\/wp-content\/uploads\/2017\/07\/tam_diger_uretim_alanlari-768x160.png 768w, http:\/\/www.gdg.tc\/wp-content\/uploads\/2017\/07\/tam_diger_uretim_alanlari-1024x214.png 1024w, http:\/\/www.gdg.tc\/wp-content\/uploads\/2017\/07\/tam_diger_uretim_alanlari-555x116.png 555w\" sizes=\"(max-width: 1918px) 100vw, 1918px\" alt=\"\" loading=\"lazy\" \t\tclass=\"so-widget-image\"\/>\n\t<\/div>\n\n<\/div><\/div><\/div><\/div><div id=\"pg-3184-1\"  class=\"panel-grid panel-no-style\" ><div id=\"pgc-3184-1-0\"  class=\"panel-grid-cell\" ><div id=\"panel-3184-1-0-0\" class=\"so-panel widget widget_sow-editor panel-first-child panel-last-child\" data-index=\"1\" ><div class=\"so-widget-sow-editor so-widget-sow-editor-base\"><h3 class=\"widget-title\">Other Manufacturing Fields<\/h3>\n<div class=\"siteorigin-widget-tinymce textwidget\">\n\t<\/p>\n<p>With the developing technologies in our comtemporary world,&nbsp; the attempts about the renewable energy sources has been improved and new leaps has been provided in the fields of communication,industry, electronics and many others. This leaps has come with many needs.&nbsp; G\u00fcneydo\u011fu Galvanizprovides solutions for the infrastructures for these improving technologies. From the project step tomanufacturing process, G\u00fcneydo\u011fu Galvaniz will always be a developing solution provider.<\/p><\/p>\n<\/div>\n<\/div><\/div><\/div><\/div><\/div>","protected":false},"excerpt":{"rendered":"<p>With the developing technologies in our comtemporary world,&nbsp; the attempts about the renewable energy sources has been improved and new leaps has been provided in the fields of communication,industry, electronics and many others. This leaps has come with many needs.&nbsp; G\u00fcneydo\u011fu Galvanizprovides solutions for the infrastructures for these improving technologies. From the project step tomanufacturing &hellip;<\/p>\n","protected":false},"author":1,"featured_media":0,"parent":0,"menu_order":0,"comment_status":"closed","ping_status":"closed","template":"","meta":{"_mi_skip_tracking":false,"ngg_post_thumbnail":0},"yoast_head":"<!-- This site is optimized with the Yoast SEO plugin v17.8 - https:\/\/yoast.com\/wordpress\/plugins\/seo\/ -->\n<title>Other Manufacturing Fields - G\u00fcneydo\u011fu Galvaniz<\/title>\n<meta name=\"robots\" content=\"index, follow, max-snippet:-1, max-image-preview:large, max-video-preview:-1\" \/>\n<link rel=\"canonical\" href=\"http:\/\/www.gdg.tc\/diger-uretim-alanlari\/\" \/>\n<meta property=\"og:locale\" content=\"en_US\" \/>\n<meta property=\"og:type\" content=\"article\" \/>\n<meta property=\"og:title\" content=\"[:tr]Di\u011fer \u00dcretim Alanlar\u0131[:en]Other Manufacturing Fields[:ar]Kurumsal[:] - G\u00fcneydo\u011fu Galvaniz\" \/>\n<meta property=\"og:description\" content=\"With the developing technologies in our comtemporary world,&nbsp; the attempts about the renewable energy sources has been improved and new leaps has been provided in the fields of communication,industry, electronics and many others. This leaps has come with many needs.&nbsp; G\u00fcneydo\u011fu Galvanizprovides solutions for the infrastructures for these improving technologies. From the project step tomanufacturing &hellip;\" \/>\n<meta property=\"og:url\" content=\"http:\/\/www.gdg.tc\/diger-uretim-alanlari\/\" \/>\n<meta property=\"og:site_name\" content=\"G\u00fcneydo\u011fu Galvaniz\" \/>\n<meta property=\"article:modified_time\" content=\"2017-11-23T12:56:22+00:00\" \/>\n<meta name=\"twitter:card\" content=\"summary_large_image\" \/>\n<meta name=\"twitter:label1\" content=\"Est. reading time\" \/>\n\t<meta name=\"twitter:data1\" content=\"1 minute\" \/>\n<script type=\"application\/ld+json\" class=\"yoast-schema-graph\">{\"@context\":\"https:\/\/schema.org\",\"@graph\":[{\"@type\":\"Organization\",\"@id\":\"http:\/\/www.gdg.tc\/#organization\",\"name\":\"G\\u00fcneydo\\u011fu Galvaniz\",\"url\":\"http:\/\/www.gdg.tc\/\",\"sameAs\":[],\"logo\":{\"@type\":\"ImageObject\",\"@id\":\"http:\/\/www.gdg.tc\/#logo\",\"inLanguage\":\"en-US\",\"url\":\"https:\/\/www.gdg.tc\/wp-content\/uploads\/2017\/06\/logo-1.png\",\"contentUrl\":\"https:\/\/www.gdg.tc\/wp-content\/uploads\/2017\/06\/logo-1.png\",\"width\":189,\"height\":67,\"caption\":\"G\\u00fcneydo\\u011fu Galvaniz\"},\"image\":{\"@id\":\"http:\/\/www.gdg.tc\/#logo\"}},{\"@type\":\"WebSite\",\"@id\":\"http:\/\/www.gdg.tc\/#website\",\"url\":\"http:\/\/www.gdg.tc\/\",\"name\":\"G\\u00fcneydo\\u011fu Galvaniz\",\"description\":\"\\u00c7eli\\u011fin Hayat Buldu\\u011fu Yer...\",\"publisher\":{\"@id\":\"http:\/\/www.gdg.tc\/#organization\"},\"potentialAction\":[{\"@type\":\"SearchAction\",\"target\":{\"@type\":\"EntryPoint\",\"urlTemplate\":\"http:\/\/www.gdg.tc\/?s={search_term_string}\"},\"query-input\":\"required name=search_term_string\"}],\"inLanguage\":\"en-US\"},{\"@type\":\"WebPage\",\"@id\":\"http:\/\/www.gdg.tc\/diger-uretim-alanlari\/#webpage\",\"url\":\"http:\/\/www.gdg.tc\/diger-uretim-alanlari\/\",\"name\":\"[:tr]Di\\u011fer \\u00dcretim Alanlar\\u0131[:en]Other Manufacturing Fields[:ar]Kurumsal[:] - G\\u00fcneydo\\u011fu Galvaniz\",\"isPartOf\":{\"@id\":\"http:\/\/www.gdg.tc\/#website\"},\"datePublished\":\"2017-07-07T07:40:55+00:00\",\"dateModified\":\"2017-11-23T12:56:22+00:00\",\"breadcrumb\":{\"@id\":\"http:\/\/www.gdg.tc\/diger-uretim-alanlari\/#breadcrumb\"},\"inLanguage\":\"en-US\",\"potentialAction\":[{\"@type\":\"ReadAction\",\"target\":[\"http:\/\/www.gdg.tc\/diger-uretim-alanlari\/\"]}]},{\"@type\":\"BreadcrumbList\",\"@id\":\"http:\/\/www.gdg.tc\/diger-uretim-alanlari\/#breadcrumb\",\"itemListElement\":[{\"@type\":\"ListItem\",\"position\":1,\"name\":\"Ana sayfa\",\"item\":\"http:\/\/www.gdg.tc\/en\/\"},{\"@type\":\"ListItem\",\"position\":2,\"name\":\"Di\\u011fer \\u00dcretim Alanlar\\u0131\"}]}]}<\/script>\n<!-- \/ Yoast SEO plugin. -->","yoast_head_json":{"title":"[:tr]Di\u011fer \u00dcretim Alanlar\u0131[:en]Other Manufacturing Fields[:ar]Kurumsal[:] - G\u00fcneydo\u011fu Galvaniz","robots":{"index":"index","follow":"follow","max-snippet":"max-snippet:-1","max-image-preview":"max-image-preview:large","max-video-preview":"max-video-preview:-1"},"canonical":"http:\/\/www.gdg.tc\/diger-uretim-alanlari\/","og_locale":"en_US","og_type":"article","og_title":"[:tr]Di\u011fer \u00dcretim Alanlar\u0131[:en]Other Manufacturing Fields[:ar]Kurumsal[:] - G\u00fcneydo\u011fu Galvaniz","og_description":"With the developing technologies in our comtemporary world,&nbsp; the attempts about the renewable energy sources has been improved and new leaps has been provided in the fields of communication,industry, electronics and many others. This leaps has come with many needs.&nbsp; G\u00fcneydo\u011fu Galvanizprovides solutions for the infrastructures for these improving technologies. From the project step tomanufacturing &hellip;","og_url":"http:\/\/www.gdg.tc\/diger-uretim-alanlari\/","og_site_name":"G\u00fcneydo\u011fu Galvaniz","article_modified_time":"2017-11-23T12:56:22+00:00","twitter_card":"summary_large_image","twitter_misc":{"Est. reading time":"1 minute"},"schema":{"@context":"https:\/\/schema.org","@graph":[{"@type":"Organization","@id":"http:\/\/www.gdg.tc\/#organization","name":"G\u00fcneydo\u011fu Galvaniz","url":"http:\/\/www.gdg.tc\/","sameAs":[],"logo":{"@type":"ImageObject","@id":"http:\/\/www.gdg.tc\/#logo","inLanguage":"en-US","url":"https:\/\/www.gdg.tc\/wp-content\/uploads\/2017\/06\/logo-1.png","contentUrl":"https:\/\/www.gdg.tc\/wp-content\/uploads\/2017\/06\/logo-1.png","width":189,"height":67,"caption":"G\u00fcneydo\u011fu Galvaniz"},"image":{"@id":"http:\/\/www.gdg.tc\/#logo"}},{"@type":"WebSite","@id":"http:\/\/www.gdg.tc\/#website","url":"http:\/\/www.gdg.tc\/","name":"G\u00fcneydo\u011fu Galvaniz","description":"\u00c7eli\u011fin Hayat Buldu\u011fu Yer...","publisher":{"@id":"http:\/\/www.gdg.tc\/#organization"},"potentialAction":[{"@type":"SearchAction","target":{"@type":"EntryPoint","urlTemplate":"http:\/\/www.gdg.tc\/?s={search_term_string}"},"query-input":"required name=search_term_string"}],"inLanguage":"en-US"},{"@type":"WebPage","@id":"http:\/\/www.gdg.tc\/diger-uretim-alanlari\/#webpage","url":"http:\/\/www.gdg.tc\/diger-uretim-alanlari\/","name":"[:tr]Di\u011fer \u00dcretim Alanlar\u0131[:en]Other Manufacturing Fields[:ar]Kurumsal[:] - G\u00fcneydo\u011fu Galvaniz","isPartOf":{"@id":"http:\/\/www.gdg.tc\/#website"},"datePublished":"2017-07-07T07:40:55+00:00","dateModified":"2017-11-23T12:56:22+00:00","breadcrumb":{"@id":"http:\/\/www.gdg.tc\/diger-uretim-alanlari\/#breadcrumb"},"inLanguage":"en-US","potentialAction":[{"@type":"ReadAction","target":["http:\/\/www.gdg.tc\/diger-uretim-alanlari\/"]}]},{"@type":"BreadcrumbList","@id":"http:\/\/www.gdg.tc\/diger-uretim-alanlari\/#breadcrumb","itemListElement":[{"@type":"ListItem","position":1,"name":"Ana sayfa","item":"http:\/\/www.gdg.tc\/en\/"},{"@type":"ListItem","position":2,"name":"Di\u011fer \u00dcretim Alanlar\u0131"}]}]}},"_links":{"self":[{"href":"http:\/\/www.gdg.tc\/en\/wp-json\/wp\/v2\/pages\/3184"}],"collection":[{"href":"http:\/\/www.gdg.tc\/en\/wp-json\/wp\/v2\/pages"}],"about":[{"href":"http:\/\/www.gdg.tc\/en\/wp-json\/wp\/v2\/types\/page"}],"author":[{"embeddable":true,"href":"http:\/\/www.gdg.tc\/en\/wp-json\/wp\/v2\/users\/1"}],"replies":[{"embeddable":true,"href":"http:\/\/www.gdg.tc\/en\/wp-json\/wp\/v2\/comments?post=3184"}],"version-history":[{"count":4,"href":"http:\/\/www.gdg.tc\/en\/wp-json\/wp\/v2\/pages\/3184\/revisions"}],"predecessor-version":[{"id":3544,"href":"http:\/\/www.gdg.tc\/en\/wp-json\/wp\/v2\/pages\/3184\/revisions\/3544"}],"wp:attachment":[{"href":"http:\/\/www.gdg.tc\/en\/wp-json\/wp\/v2\/media?parent=3184"}],"curies":[{"name":"wp","href":"https:\/\/api.w.org\/{rel}","templated":true}]}}