{"id":3286,"date":"2017-07-08T09:24:40","date_gmt":"2017-07-08T06:24:40","guid":{"rendered":"http:\/\/www.gdg.tc\/?page_id=3286"},"modified":"2017-11-23T15:22:58","modified_gmt":"2017-11-23T12:22:58","slug":"galeri","status":"publish","type":"page","link":"http:\/\/www.gdg.tc\/en\/galeri\/","title":{"rendered":"Gallery"},"content":{"rendered":"<div id=\"pl-3286\"  class=\"panel-layout\" ><div id=\"pg-3286-0\"  class=\"panel-grid panel-no-style\" ><div id=\"pgc-3286-0-0\"  class=\"panel-grid-cell\" ><div id=\"panel-3286-0-0-0\" class=\"so-panel widget widget_sow-editor panel-first-child panel-last-child\" data-index=\"0\" ><div class=\"so-widget-sow-editor so-widget-sow-editor-base\">\n<div class=\"siteorigin-widget-tinymce textwidget\">\n\t[Not a valid template]\n<\/div>\n<\/div><\/div><\/div><\/div><\/div>","protected":false},"excerpt":{"rendered":"<p>&#8221; template=&#8221;\/home\/yayinlasak\/public_html\/gdg\/wp-content\/plugins\/nextgen-gallery\/products\/photocrati_nextgen\/modules\/ngglegacy\/view\/gallery.php&#8221; order_by=&#8221;sortorder&#8221; order_direction=&#8221;ASC&#8221; returns=&#8221;included&#8221; maximum_entity_count=&#8221;500&#8243;]<\/p>\n","protected":false},"author":1,"featured_media":0,"parent":0,"menu_order":0,"comment_status":"closed","ping_status":"closed","template":"","meta":{"_mi_skip_tracking":false,"ngg_post_thumbnail":0},"yoast_head":"<!-- This site is optimized with the Yoast SEO plugin v17.8 - https:\/\/yoast.com\/wordpress\/plugins\/seo\/ -->\n<title>Gallery - G\u00fcneydo\u011fu Galvaniz<\/title>\n<meta name=\"robots\" content=\"index, follow, max-snippet:-1, max-image-preview:large, max-video-preview:-1\" \/>\n<link rel=\"canonical\" href=\"http:\/\/www.gdg.tc\/galeri\/\" \/>\n<meta property=\"og:locale\" content=\"en_US\" \/>\n<meta property=\"og:type\" content=\"article\" \/>\n<meta property=\"og:title\" content=\"[:tr]Galeri[:en]Gallery[:ar]Kurumsal[:] - G\u00fcneydo\u011fu Galvaniz\" \/>\n<meta property=\"og:description\" content=\"&quot; template=&quot;\/home\/yayinlasak\/public_html\/gdg\/wp-content\/plugins\/nextgen-gallery\/products\/photocrati_nextgen\/modules\/ngglegacy\/view\/gallery.php&quot; order_by=&quot;sortorder&quot; order_direction=&quot;ASC&quot; returns=&quot;included&quot; maximum_entity_count=&quot;500&quot;]\" \/>\n<meta property=\"og:url\" content=\"http:\/\/www.gdg.tc\/galeri\/\" \/>\n<meta property=\"og:site_name\" content=\"G\u00fcneydo\u011fu Galvaniz\" \/>\n<meta property=\"article:modified_time\" content=\"2017-11-23T12:22:58+00:00\" \/>\n<meta name=\"twitter:card\" content=\"summary_large_image\" \/>\n<script type=\"application\/ld+json\" class=\"yoast-schema-graph\">{\"@context\":\"https:\/\/schema.org\",\"@graph\":[{\"@type\":\"Organization\",\"@id\":\"https:\/\/www.gdg.tc\/#organization\",\"name\":\"G\\u00fcneydo\\u011fu Galvaniz\",\"url\":\"https:\/\/www.gdg.tc\/\",\"sameAs\":[],\"logo\":{\"@type\":\"ImageObject\",\"@id\":\"https:\/\/www.gdg.tc\/#logo\",\"inLanguage\":\"en-US\",\"url\":\"https:\/\/www.gdg.tc\/wp-content\/uploads\/2017\/06\/logo-1.png\",\"contentUrl\":\"https:\/\/www.gdg.tc\/wp-content\/uploads\/2017\/06\/logo-1.png\",\"width\":189,\"height\":67,\"caption\":\"G\\u00fcneydo\\u011fu Galvaniz\"},\"image\":{\"@id\":\"https:\/\/www.gdg.tc\/#logo\"}},{\"@type\":\"WebSite\",\"@id\":\"https:\/\/www.gdg.tc\/#website\",\"url\":\"https:\/\/www.gdg.tc\/\",\"name\":\"G\\u00fcneydo\\u011fu Galvaniz\",\"description\":\"\\u00c7eli\\u011fin Hayat Buldu\\u011fu Yer...\",\"publisher\":{\"@id\":\"https:\/\/www.gdg.tc\/#organization\"},\"potentialAction\":[{\"@type\":\"SearchAction\",\"target\":{\"@type\":\"EntryPoint\",\"urlTemplate\":\"https:\/\/www.gdg.tc\/?s={search_term_string}\"},\"query-input\":\"required name=search_term_string\"}],\"inLanguage\":\"en-US\"},{\"@type\":\"WebPage\",\"@id\":\"http:\/\/www.gdg.tc\/galeri\/#webpage\",\"url\":\"http:\/\/www.gdg.tc\/galeri\/\",\"name\":\"[:tr]Galeri[:en]Gallery[:ar]Kurumsal[:] - G\\u00fcneydo\\u011fu Galvaniz\",\"isPartOf\":{\"@id\":\"https:\/\/www.gdg.tc\/#website\"},\"datePublished\":\"2017-07-08T06:24:40+00:00\",\"dateModified\":\"2017-11-23T12:22:58+00:00\",\"breadcrumb\":{\"@id\":\"http:\/\/www.gdg.tc\/galeri\/#breadcrumb\"},\"inLanguage\":\"en-US\",\"potentialAction\":[{\"@type\":\"ReadAction\",\"target\":[\"http:\/\/www.gdg.tc\/galeri\/\"]}]},{\"@type\":\"BreadcrumbList\",\"@id\":\"http:\/\/www.gdg.tc\/galeri\/#breadcrumb\",\"itemListElement\":[{\"@type\":\"ListItem\",\"position\":1,\"name\":\"Ana sayfa\",\"item\":\"https:\/\/www.gdg.tc\/\"},{\"@type\":\"ListItem\",\"position\":2,\"name\":\"Galeri\"}]}]}<\/script>\n<!-- \/ Yoast SEO plugin. -->","yoast_head_json":{"title":"[:tr]Galeri[:en]Gallery[:ar]Kurumsal[:] - G\u00fcneydo\u011fu Galvaniz","robots":{"index":"index","follow":"follow","max-snippet":"max-snippet:-1","max-image-preview":"max-image-preview:large","max-video-preview":"max-video-preview:-1"},"canonical":"http:\/\/www.gdg.tc\/galeri\/","og_locale":"en_US","og_type":"article","og_title":"[:tr]Galeri[:en]Gallery[:ar]Kurumsal[:] - G\u00fcneydo\u011fu Galvaniz","og_description":"\" template=\"\/home\/yayinlasak\/public_html\/gdg\/wp-content\/plugins\/nextgen-gallery\/products\/photocrati_nextgen\/modules\/ngglegacy\/view\/gallery.php\" order_by=\"sortorder\" order_direction=\"ASC\" returns=\"included\" maximum_entity_count=\"500\"]","og_url":"http:\/\/www.gdg.tc\/galeri\/","og_site_name":"G\u00fcneydo\u011fu Galvaniz","article_modified_time":"2017-11-23T12:22:58+00:00","twitter_card":"summary_large_image","schema":{"@context":"https:\/\/schema.org","@graph":[{"@type":"Organization","@id":"https:\/\/www.gdg.tc\/#organization","name":"G\u00fcneydo\u011fu Galvaniz","url":"https:\/\/www.gdg.tc\/","sameAs":[],"logo":{"@type":"ImageObject","@id":"https:\/\/www.gdg.tc\/#logo","inLanguage":"en-US","url":"https:\/\/www.gdg.tc\/wp-content\/uploads\/2017\/06\/logo-1.png","contentUrl":"https:\/\/www.gdg.tc\/wp-content\/uploads\/2017\/06\/logo-1.png","width":189,"height":67,"caption":"G\u00fcneydo\u011fu Galvaniz"},"image":{"@id":"https:\/\/www.gdg.tc\/#logo"}},{"@type":"WebSite","@id":"https:\/\/www.gdg.tc\/#website","url":"https:\/\/www.gdg.tc\/","name":"G\u00fcneydo\u011fu Galvaniz","description":"\u00c7eli\u011fin Hayat Buldu\u011fu Yer...","publisher":{"@id":"https:\/\/www.gdg.tc\/#organization"},"potentialAction":[{"@type":"SearchAction","target":{"@type":"EntryPoint","urlTemplate":"https:\/\/www.gdg.tc\/?s={search_term_string}"},"query-input":"required name=search_term_string"}],"inLanguage":"en-US"},{"@type":"WebPage","@id":"http:\/\/www.gdg.tc\/galeri\/#webpage","url":"http:\/\/www.gdg.tc\/galeri\/","name":"[:tr]Galeri[:en]Gallery[:ar]Kurumsal[:] - G\u00fcneydo\u011fu Galvaniz","isPartOf":{"@id":"https:\/\/www.gdg.tc\/#website"},"datePublished":"2017-07-08T06:24:40+00:00","dateModified":"2017-11-23T12:22:58+00:00","breadcrumb":{"@id":"http:\/\/www.gdg.tc\/galeri\/#breadcrumb"},"inLanguage":"en-US","potentialAction":[{"@type":"ReadAction","target":["http:\/\/www.gdg.tc\/galeri\/"]}]},{"@type":"BreadcrumbList","@id":"http:\/\/www.gdg.tc\/galeri\/#breadcrumb","itemListElement":[{"@type":"ListItem","position":1,"name":"Ana sayfa","item":"https:\/\/www.gdg.tc\/"},{"@type":"ListItem","position":2,"name":"Galeri"}]}]}},"_links":{"self":[{"href":"http:\/\/www.gdg.tc\/en\/wp-json\/wp\/v2\/pages\/3286"}],"collection":[{"href":"http:\/\/www.gdg.tc\/en\/wp-json\/wp\/v2\/pages"}],"about":[{"href":"http:\/\/www.gdg.tc\/en\/wp-json\/wp\/v2\/types\/page"}],"author":[{"embeddable":true,"href":"http:\/\/www.gdg.tc\/en\/wp-json\/wp\/v2\/users\/1"}],"replies":[{"embeddable":true,"href":"http:\/\/www.gdg.tc\/en\/wp-json\/wp\/v2\/comments?post=3286"}],"version-history":[{"count":6,"href":"http:\/\/www.gdg.tc\/en\/wp-json\/wp\/v2\/pages\/3286\/revisions"}],"predecessor-version":[{"id":3519,"href":"http:\/\/www.gdg.tc\/en\/wp-json\/wp\/v2\/pages\/3286\/revisions\/3519"}],"wp:attachment":[{"href":"http:\/\/www.gdg.tc\/en\/wp-json\/wp\/v2\/media?parent=3286"}],"curies":[{"name":"wp","href":"https:\/\/api.w.org\/{rel}","templated":true}]}}