{"id":3335,"date":"2017-07-11T10:52:09","date_gmt":"2017-07-11T07:52:09","guid":{"rendered":"http:\/\/www.gdg.tc\/?page_id=3335"},"modified":"2017-11-23T15:21:44","modified_gmt":"2017-11-23T12:21:44","slug":"teknolojimiz","status":"publish","type":"page","link":"http:\/\/www.gdg.tc\/en\/teknolojimiz\/","title":{"rendered":"Our Technology"},"content":{"rendered":"<div id=\"pl-3335\"  class=\"panel-layout\" ><div id=\"pg-3335-0\"  class=\"panel-grid panel-no-style\" ><div id=\"pgc-3335-0-0\"  class=\"panel-grid-cell\" ><div id=\"panel-3335-0-0-0\" class=\"so-panel widget widget_black-studio-tinymce widget_black_studio_tinymce panel-first-child panel-last-child\" data-index=\"0\" ><div class=\"textwidget\"><p><a href=\"http:\/\/yayinlasak.com\/gdg\/wp-content\/uploads\/2017\/07\/tesislerimiz-1.jpg\"><img class=\"aligncenter size-full wp-image-3336\" src=\"http:\/\/yayinlasak.com\/gdg\/wp-content\/uploads\/2017\/07\/tesislerimiz-1.jpg\" alt=\"\" width=\"1920\" height=\"573\"><\/a><\/p>\n<\/div><\/div><\/div><\/div><div id=\"pg-3335-1\"  class=\"panel-grid panel-no-style\" ><div id=\"pgc-3335-1-0\"  class=\"panel-grid-cell\" ><div id=\"panel-3335-1-0-0\" class=\"so-panel widget widget_black-studio-tinymce widget_black_studio_tinymce panel-first-child panel-last-child\" data-index=\"1\" ><div class=\"textwidget\"><\/p>\n<p>Guneydo\u011fu Galvaniz is a company combining technology computer ssytems with its engineering and manufacturing abilities. With the high speed, accuracy and quality adventages of high tech, these arguments is processes to all products, aims absulate customer satisfaction and posible longest lifespan of the product, without even not any single detail of tecnical details.&nbsp;<\/p>\n<p>Computer Supported Designation<br \/>High Engineering Acknowladge<br \/>Quality Production<\/p><\/p>\n<\/div><\/div><\/div><\/div><div id=\"pg-3335-2\"  class=\"panel-grid panel-no-style\" ><div id=\"pgc-3335-2-0\"  class=\"panel-grid-cell panel-grid-cell-empty\" ><\/div><\/div><\/div>","protected":false},"excerpt":{"rendered":"<p>Guneydo\u011fu Galvaniz is a company combining technology computer ssytems with its engineering and manufacturing abilities. With the high speed, accuracy and quality adventages of high tech, these arguments is processes to all products, aims absulate customer satisfaction and posible longest lifespan of the product, without even not any single detail of tecnical details.&nbsp;Computer Supported DesignationHigh &hellip;<\/p>\n","protected":false},"author":1,"featured_media":0,"parent":0,"menu_order":0,"comment_status":"closed","ping_status":"closed","template":"","meta":{"_mi_skip_tracking":false,"ngg_post_thumbnail":0},"yoast_head":"<!-- This site is optimized with the Yoast SEO plugin v17.8 - https:\/\/yoast.com\/wordpress\/plugins\/seo\/ -->\n<title>Our Technology - G\u00fcneydo\u011fu Galvaniz<\/title>\n<meta name=\"robots\" content=\"index, follow, max-snippet:-1, max-image-preview:large, max-video-preview:-1\" \/>\n<link rel=\"canonical\" href=\"http:\/\/www.gdg.tc\/en\/teknolojimiz\/\" \/>\n<meta property=\"og:locale\" content=\"en_US\" \/>\n<meta property=\"og:type\" content=\"article\" \/>\n<meta property=\"og:title\" content=\"[:tr]Teknolojimiz[:en]Our Technology[:ar]Kurumsal[:] - G\u00fcneydo\u011fu Galvaniz\" \/>\n<meta property=\"og:description\" content=\"Guneydo\u011fu Galvaniz is a company combining technology computer ssytems with its engineering and manufacturing abilities. With the high speed, accuracy and quality adventages of high tech, these arguments is processes to all products, aims absulate customer satisfaction and posible longest lifespan of the product, without even not any single detail of tecnical details.&nbsp;Computer Supported DesignationHigh &hellip;\" \/>\n<meta property=\"og:url\" content=\"http:\/\/www.gdg.tc\/en\/teknolojimiz\/\" \/>\n<meta property=\"og:site_name\" content=\"G\u00fcneydo\u011fu Galvaniz\" \/>\n<meta property=\"article:modified_time\" content=\"2017-11-23T12:21:44+00:00\" \/>\n<meta property=\"og:image\" content=\"http:\/\/www.gdg.tc\/wp-content\/uploads\/2017\/07\/tesislerimiz-1.jpg\" \/>\n<meta name=\"twitter:card\" content=\"summary_large_image\" \/>\n<meta name=\"twitter:label1\" content=\"Est. reading time\" \/>\n\t<meta name=\"twitter:data1\" content=\"1 minute\" \/>\n<script type=\"application\/ld+json\" class=\"yoast-schema-graph\">{\"@context\":\"https:\/\/schema.org\",\"@graph\":[{\"@type\":\"Organization\",\"@id\":\"http:\/\/www.gdg.tc\/#organization\",\"name\":\"G\\u00fcneydo\\u011fu Galvaniz\",\"url\":\"http:\/\/www.gdg.tc\/\",\"sameAs\":[],\"logo\":{\"@type\":\"ImageObject\",\"@id\":\"http:\/\/www.gdg.tc\/#logo\",\"inLanguage\":\"en-US\",\"url\":\"https:\/\/www.gdg.tc\/wp-content\/uploads\/2017\/06\/logo-1.png\",\"contentUrl\":\"https:\/\/www.gdg.tc\/wp-content\/uploads\/2017\/06\/logo-1.png\",\"width\":189,\"height\":67,\"caption\":\"G\\u00fcneydo\\u011fu Galvaniz\"},\"image\":{\"@id\":\"http:\/\/www.gdg.tc\/#logo\"}},{\"@type\":\"WebSite\",\"@id\":\"http:\/\/www.gdg.tc\/#website\",\"url\":\"http:\/\/www.gdg.tc\/\",\"name\":\"G\\u00fcneydo\\u011fu Galvaniz\",\"description\":\"\\u00c7eli\\u011fin Hayat Buldu\\u011fu Yer...\",\"publisher\":{\"@id\":\"http:\/\/www.gdg.tc\/#organization\"},\"potentialAction\":[{\"@type\":\"SearchAction\",\"target\":{\"@type\":\"EntryPoint\",\"urlTemplate\":\"http:\/\/www.gdg.tc\/?s={search_term_string}\"},\"query-input\":\"required name=search_term_string\"}],\"inLanguage\":\"en-US\"},{\"@type\":\"ImageObject\",\"@id\":\"http:\/\/www.gdg.tc\/en\/teknolojimiz\/#primaryimage\",\"inLanguage\":\"en-US\",\"url\":\"http:\/\/www.gdg.tc\/wp-content\/uploads\/2017\/07\/tesislerimiz-1.jpg\",\"contentUrl\":\"http:\/\/www.gdg.tc\/wp-content\/uploads\/2017\/07\/tesislerimiz-1.jpg\",\"width\":1920,\"height\":573},{\"@type\":\"WebPage\",\"@id\":\"http:\/\/www.gdg.tc\/en\/teknolojimiz\/#webpage\",\"url\":\"http:\/\/www.gdg.tc\/en\/teknolojimiz\/\",\"name\":\"[:tr]Teknolojimiz[:en]Our Technology[:ar]Kurumsal[:] - G\\u00fcneydo\\u011fu Galvaniz\",\"isPartOf\":{\"@id\":\"http:\/\/www.gdg.tc\/#website\"},\"primaryImageOfPage\":{\"@id\":\"http:\/\/www.gdg.tc\/en\/teknolojimiz\/#primaryimage\"},\"datePublished\":\"2017-07-11T07:52:09+00:00\",\"dateModified\":\"2017-11-23T12:21:44+00:00\",\"breadcrumb\":{\"@id\":\"http:\/\/www.gdg.tc\/en\/teknolojimiz\/#breadcrumb\"},\"inLanguage\":\"en-US\",\"potentialAction\":[{\"@type\":\"ReadAction\",\"target\":[\"http:\/\/www.gdg.tc\/en\/teknolojimiz\/\"]}]},{\"@type\":\"BreadcrumbList\",\"@id\":\"http:\/\/www.gdg.tc\/en\/teknolojimiz\/#breadcrumb\",\"itemListElement\":[{\"@type\":\"ListItem\",\"position\":1,\"name\":\"Ana sayfa\",\"item\":\"http:\/\/www.gdg.tc\/en\/\"},{\"@type\":\"ListItem\",\"position\":2,\"name\":\"Our Technology\"}]}]}<\/script>\n<!-- \/ Yoast SEO plugin. -->","yoast_head_json":{"title":"[:tr]Teknolojimiz[:en]Our Technology[:ar]Kurumsal[:] - G\u00fcneydo\u011fu Galvaniz","robots":{"index":"index","follow":"follow","max-snippet":"max-snippet:-1","max-image-preview":"max-image-preview:large","max-video-preview":"max-video-preview:-1"},"canonical":"http:\/\/www.gdg.tc\/en\/teknolojimiz\/","og_locale":"en_US","og_type":"article","og_title":"[:tr]Teknolojimiz[:en]Our Technology[:ar]Kurumsal[:] - G\u00fcneydo\u011fu Galvaniz","og_description":"Guneydo\u011fu Galvaniz is a company combining technology computer ssytems with its engineering and manufacturing abilities. With the high speed, accuracy and quality adventages of high tech, these arguments is processes to all products, aims absulate customer satisfaction and posible longest lifespan of the product, without even not any single detail of tecnical details.&nbsp;Computer Supported DesignationHigh &hellip;","og_url":"http:\/\/www.gdg.tc\/en\/teknolojimiz\/","og_site_name":"G\u00fcneydo\u011fu Galvaniz","article_modified_time":"2017-11-23T12:21:44+00:00","og_image":[{"url":"http:\/\/www.gdg.tc\/wp-content\/uploads\/2017\/07\/tesislerimiz-1.jpg"}],"twitter_card":"summary_large_image","twitter_misc":{"Est. reading time":"1 minute"},"schema":{"@context":"https:\/\/schema.org","@graph":[{"@type":"Organization","@id":"http:\/\/www.gdg.tc\/#organization","name":"G\u00fcneydo\u011fu Galvaniz","url":"http:\/\/www.gdg.tc\/","sameAs":[],"logo":{"@type":"ImageObject","@id":"http:\/\/www.gdg.tc\/#logo","inLanguage":"en-US","url":"https:\/\/www.gdg.tc\/wp-content\/uploads\/2017\/06\/logo-1.png","contentUrl":"https:\/\/www.gdg.tc\/wp-content\/uploads\/2017\/06\/logo-1.png","width":189,"height":67,"caption":"G\u00fcneydo\u011fu Galvaniz"},"image":{"@id":"http:\/\/www.gdg.tc\/#logo"}},{"@type":"WebSite","@id":"http:\/\/www.gdg.tc\/#website","url":"http:\/\/www.gdg.tc\/","name":"G\u00fcneydo\u011fu Galvaniz","description":"\u00c7eli\u011fin Hayat Buldu\u011fu Yer...","publisher":{"@id":"http:\/\/www.gdg.tc\/#organization"},"potentialAction":[{"@type":"SearchAction","target":{"@type":"EntryPoint","urlTemplate":"http:\/\/www.gdg.tc\/?s={search_term_string}"},"query-input":"required name=search_term_string"}],"inLanguage":"en-US"},{"@type":"ImageObject","@id":"http:\/\/www.gdg.tc\/en\/teknolojimiz\/#primaryimage","inLanguage":"en-US","url":"http:\/\/www.gdg.tc\/wp-content\/uploads\/2017\/07\/tesislerimiz-1.jpg","contentUrl":"http:\/\/www.gdg.tc\/wp-content\/uploads\/2017\/07\/tesislerimiz-1.jpg","width":1920,"height":573},{"@type":"WebPage","@id":"http:\/\/www.gdg.tc\/en\/teknolojimiz\/#webpage","url":"http:\/\/www.gdg.tc\/en\/teknolojimiz\/","name":"[:tr]Teknolojimiz[:en]Our Technology[:ar]Kurumsal[:] - G\u00fcneydo\u011fu Galvaniz","isPartOf":{"@id":"http:\/\/www.gdg.tc\/#website"},"primaryImageOfPage":{"@id":"http:\/\/www.gdg.tc\/en\/teknolojimiz\/#primaryimage"},"datePublished":"2017-07-11T07:52:09+00:00","dateModified":"2017-11-23T12:21:44+00:00","breadcrumb":{"@id":"http:\/\/www.gdg.tc\/en\/teknolojimiz\/#breadcrumb"},"inLanguage":"en-US","potentialAction":[{"@type":"ReadAction","target":["http:\/\/www.gdg.tc\/en\/teknolojimiz\/"]}]},{"@type":"BreadcrumbList","@id":"http:\/\/www.gdg.tc\/en\/teknolojimiz\/#breadcrumb","itemListElement":[{"@type":"ListItem","position":1,"name":"Ana sayfa","item":"http:\/\/www.gdg.tc\/en\/"},{"@type":"ListItem","position":2,"name":"Our Technology"}]}]}},"_links":{"self":[{"href":"http:\/\/www.gdg.tc\/en\/wp-json\/wp\/v2\/pages\/3335"}],"collection":[{"href":"http:\/\/www.gdg.tc\/en\/wp-json\/wp\/v2\/pages"}],"about":[{"href":"http:\/\/www.gdg.tc\/en\/wp-json\/wp\/v2\/types\/page"}],"author":[{"embeddable":true,"href":"http:\/\/www.gdg.tc\/en\/wp-json\/wp\/v2\/users\/1"}],"replies":[{"embeddable":true,"href":"http:\/\/www.gdg.tc\/en\/wp-json\/wp\/v2\/comments?post=3335"}],"version-history":[{"count":4,"href":"http:\/\/www.gdg.tc\/en\/wp-json\/wp\/v2\/pages\/3335\/revisions"}],"predecessor-version":[{"id":3515,"href":"http:\/\/www.gdg.tc\/en\/wp-json\/wp\/v2\/pages\/3335\/revisions\/3515"}],"wp:attachment":[{"href":"http:\/\/www.gdg.tc\/en\/wp-json\/wp\/v2\/media?parent=3335"}],"curies":[{"name":"wp","href":"https:\/\/api.w.org\/{rel}","templated":true}]}}