{"id":3682,"date":"2025-05-12T14:53:12","date_gmt":"2025-05-12T11:53:12","guid":{"rendered":"https:\/\/www.gdg.tc\/?page_id=3682"},"modified":"2026-03-06T14:40:15","modified_gmt":"2026-03-06T11:40:15","slug":"bilgi-toplumu-hizmeti","status":"publish","type":"page","link":"http:\/\/www.gdg.tc\/en\/bilgi-toplumu-hizmeti\/","title":{"rendered":"Bilgi Toplumu Hizmeti"},"content":{"rendered":"<p class=\"qtranxs-available-languages-message qtranxs-available-languages-message-en\">Sorry, this entry is only available in <a href=\"http:\/\/www.gdg.tc\/tr\/wp-json\/wp\/v2\/pages\/3682\" class=\"qtranxs-available-language-link qtranxs-available-language-link-tr\" title=\"Turkish\">Turkish<\/a>.<\/p>","protected":false},"excerpt":{"rendered":"<p>Sorry, this entry is only available in Turkish.<\/p>\n","protected":false},"author":1,"featured_media":0,"parent":0,"menu_order":0,"comment_status":"closed","ping_status":"closed","template":"","meta":{"_mi_skip_tracking":false,"ngg_post_thumbnail":0},"yoast_head":"<!-- This site is optimized with the Yoast SEO plugin v17.8 - https:\/\/yoast.com\/wordpress\/plugins\/seo\/ -->\n<title>Bilgi Toplumu Hizmeti - G\u00fcneydo\u011fu Galvaniz<\/title>\n<meta name=\"robots\" content=\"index, follow, max-snippet:-1, max-image-preview:large, max-video-preview:-1\" \/>\n<link rel=\"canonical\" href=\"https:\/\/www.gdg.tc\/bilgi-toplumu-hizmeti\/\" \/>\n<meta property=\"og:locale\" content=\"en_US\" \/>\n<meta property=\"og:type\" content=\"article\" \/>\n<meta property=\"og:title\" content=\"Bilgi Toplumu Hizmeti - G\u00fcneydo\u011fu Galvaniz\" \/>\n<meta property=\"og:description\" content=\"Sorry, this entry is only available in Turkish.\" \/>\n<meta property=\"og:url\" content=\"https:\/\/www.gdg.tc\/bilgi-toplumu-hizmeti\/\" \/>\n<meta property=\"og:site_name\" content=\"G\u00fcneydo\u011fu Galvaniz\" \/>\n<meta property=\"article:modified_time\" content=\"2026-03-06T11:40:15+00:00\" \/>\n<meta name=\"twitter:card\" content=\"summary_large_image\" \/>\n<meta name=\"twitter:label1\" content=\"Est. reading time\" \/>\n\t<meta name=\"twitter:data1\" content=\"1 minute\" \/>\n<script type=\"application\/ld+json\" class=\"yoast-schema-graph\">{\"@context\":\"https:\/\/schema.org\",\"@graph\":[{\"@type\":\"Organization\",\"@id\":\"http:\/\/www.gdg.tc\/#organization\",\"name\":\"G\\u00fcneydo\\u011fu Galvaniz\",\"url\":\"http:\/\/www.gdg.tc\/\",\"sameAs\":[],\"logo\":{\"@type\":\"ImageObject\",\"@id\":\"http:\/\/www.gdg.tc\/#logo\",\"inLanguage\":\"en-US\",\"url\":\"https:\/\/www.gdg.tc\/wp-content\/uploads\/2017\/06\/logo-1.png\",\"contentUrl\":\"https:\/\/www.gdg.tc\/wp-content\/uploads\/2017\/06\/logo-1.png\",\"width\":189,\"height\":67,\"caption\":\"G\\u00fcneydo\\u011fu Galvaniz\"},\"image\":{\"@id\":\"http:\/\/www.gdg.tc\/#logo\"}},{\"@type\":\"WebSite\",\"@id\":\"http:\/\/www.gdg.tc\/#website\",\"url\":\"http:\/\/www.gdg.tc\/\",\"name\":\"G\\u00fcneydo\\u011fu Galvaniz\",\"description\":\"\\u00c7eli\\u011fin Hayat Buldu\\u011fu Yer...\",\"publisher\":{\"@id\":\"http:\/\/www.gdg.tc\/#organization\"},\"potentialAction\":[{\"@type\":\"SearchAction\",\"target\":{\"@type\":\"EntryPoint\",\"urlTemplate\":\"http:\/\/www.gdg.tc\/?s={search_term_string}\"},\"query-input\":\"required name=search_term_string\"}],\"inLanguage\":\"en-US\"},{\"@type\":\"WebPage\",\"@id\":\"https:\/\/www.gdg.tc\/bilgi-toplumu-hizmeti\/#webpage\",\"url\":\"https:\/\/www.gdg.tc\/bilgi-toplumu-hizmeti\/\",\"name\":\"Bilgi Toplumu Hizmeti - G\\u00fcneydo\\u011fu Galvaniz\",\"isPartOf\":{\"@id\":\"http:\/\/www.gdg.tc\/#website\"},\"datePublished\":\"2025-05-12T11:53:12+00:00\",\"dateModified\":\"2026-03-06T11:40:15+00:00\",\"breadcrumb\":{\"@id\":\"https:\/\/www.gdg.tc\/bilgi-toplumu-hizmeti\/#breadcrumb\"},\"inLanguage\":\"en-US\",\"potentialAction\":[{\"@type\":\"ReadAction\",\"target\":[\"https:\/\/www.gdg.tc\/bilgi-toplumu-hizmeti\/\"]}]},{\"@type\":\"BreadcrumbList\",\"@id\":\"https:\/\/www.gdg.tc\/bilgi-toplumu-hizmeti\/#breadcrumb\",\"itemListElement\":[{\"@type\":\"ListItem\",\"position\":1,\"name\":\"Ana sayfa\",\"item\":\"http:\/\/www.gdg.tc\/en\/\"},{\"@type\":\"ListItem\",\"position\":2,\"name\":\"Bilgi Toplumu Hizmeti\"}]}]}<\/script>\n<!-- \/ Yoast SEO plugin. -->","yoast_head_json":{"title":"Bilgi Toplumu Hizmeti - G\u00fcneydo\u011fu Galvaniz","robots":{"index":"index","follow":"follow","max-snippet":"max-snippet:-1","max-image-preview":"max-image-preview:large","max-video-preview":"max-video-preview:-1"},"canonical":"https:\/\/www.gdg.tc\/bilgi-toplumu-hizmeti\/","og_locale":"en_US","og_type":"article","og_title":"Bilgi Toplumu Hizmeti - G\u00fcneydo\u011fu Galvaniz","og_description":"Sorry, this entry is only available in Turkish.","og_url":"https:\/\/www.gdg.tc\/bilgi-toplumu-hizmeti\/","og_site_name":"G\u00fcneydo\u011fu Galvaniz","article_modified_time":"2026-03-06T11:40:15+00:00","twitter_card":"summary_large_image","twitter_misc":{"Est. reading time":"1 minute"},"schema":{"@context":"https:\/\/schema.org","@graph":[{"@type":"Organization","@id":"http:\/\/www.gdg.tc\/#organization","name":"G\u00fcneydo\u011fu Galvaniz","url":"http:\/\/www.gdg.tc\/","sameAs":[],"logo":{"@type":"ImageObject","@id":"http:\/\/www.gdg.tc\/#logo","inLanguage":"en-US","url":"https:\/\/www.gdg.tc\/wp-content\/uploads\/2017\/06\/logo-1.png","contentUrl":"https:\/\/www.gdg.tc\/wp-content\/uploads\/2017\/06\/logo-1.png","width":189,"height":67,"caption":"G\u00fcneydo\u011fu Galvaniz"},"image":{"@id":"http:\/\/www.gdg.tc\/#logo"}},{"@type":"WebSite","@id":"http:\/\/www.gdg.tc\/#website","url":"http:\/\/www.gdg.tc\/","name":"G\u00fcneydo\u011fu Galvaniz","description":"\u00c7eli\u011fin Hayat Buldu\u011fu Yer...","publisher":{"@id":"http:\/\/www.gdg.tc\/#organization"},"potentialAction":[{"@type":"SearchAction","target":{"@type":"EntryPoint","urlTemplate":"http:\/\/www.gdg.tc\/?s={search_term_string}"},"query-input":"required name=search_term_string"}],"inLanguage":"en-US"},{"@type":"WebPage","@id":"https:\/\/www.gdg.tc\/bilgi-toplumu-hizmeti\/#webpage","url":"https:\/\/www.gdg.tc\/bilgi-toplumu-hizmeti\/","name":"Bilgi Toplumu Hizmeti - G\u00fcneydo\u011fu Galvaniz","isPartOf":{"@id":"http:\/\/www.gdg.tc\/#website"},"datePublished":"2025-05-12T11:53:12+00:00","dateModified":"2026-03-06T11:40:15+00:00","breadcrumb":{"@id":"https:\/\/www.gdg.tc\/bilgi-toplumu-hizmeti\/#breadcrumb"},"inLanguage":"en-US","potentialAction":[{"@type":"ReadAction","target":["https:\/\/www.gdg.tc\/bilgi-toplumu-hizmeti\/"]}]},{"@type":"BreadcrumbList","@id":"https:\/\/www.gdg.tc\/bilgi-toplumu-hizmeti\/#breadcrumb","itemListElement":[{"@type":"ListItem","position":1,"name":"Ana sayfa","item":"http:\/\/www.gdg.tc\/en\/"},{"@type":"ListItem","position":2,"name":"Bilgi Toplumu Hizmeti"}]}]}},"_links":{"self":[{"href":"http:\/\/www.gdg.tc\/en\/wp-json\/wp\/v2\/pages\/3682"}],"collection":[{"href":"http:\/\/www.gdg.tc\/en\/wp-json\/wp\/v2\/pages"}],"about":[{"href":"http:\/\/www.gdg.tc\/en\/wp-json\/wp\/v2\/types\/page"}],"author":[{"embeddable":true,"href":"http:\/\/www.gdg.tc\/en\/wp-json\/wp\/v2\/users\/1"}],"replies":[{"embeddable":true,"href":"http:\/\/www.gdg.tc\/en\/wp-json\/wp\/v2\/comments?post=3682"}],"version-history":[{"count":3,"href":"http:\/\/www.gdg.tc\/en\/wp-json\/wp\/v2\/pages\/3682\/revisions"}],"predecessor-version":[{"id":3690,"href":"http:\/\/www.gdg.tc\/en\/wp-json\/wp\/v2\/pages\/3682\/revisions\/3690"}],"wp:attachment":[{"href":"http:\/\/www.gdg.tc\/en\/wp-json\/wp\/v2\/media?parent=3682"}],"curies":[{"name":"wp","href":"https:\/\/api.w.org\/{rel}","templated":true}]}}