{"id":7,"date":"2014-10-15T12:59:47","date_gmt":"2014-10-15T12:59:47","guid":{"rendered":"http:\/\/xml-io.proteusthemes.com\/buildpress\/?page_id=7"},"modified":"2018-01-23T13:14:24","modified_gmt":"2018-01-23T10:14:24","slug":"front-page","status":"publish","type":"page","link":"http:\/\/www.gdg.tc\/en\/","title":{"rendered":"HomePage"},"content":{"rendered":"<div id=\"pl-7\"  class=\"panel-layout\" ><div id=\"pg-7-0\"  class=\"panel-grid panel-no-style\" ><div id=\"pgc-7-0-0\"  class=\"panel-grid-cell panel-grid-cell-empty\" ><\/div><\/div><div id=\"pg-7-1\"  class=\"panel-grid panel-no-style\" ><div id=\"pgc-7-1-0\"  class=\"panel-grid-cell\" ><div id=\"panel-7-1-0-0\" class=\"so-panel widget widget_sow-editor panel-first-child panel-last-child\" data-index=\"0\" ><div class=\"so-widget-sow-editor so-widget-sow-editor-base\"><h3 class=\"widget-title\">Company<\/h3>\n<div class=\"siteorigin-widget-tinymce textwidget\">\n\t<p><img loading=\"lazy\" class=\"alignnone wp-image-2764 size-full\" src=\"http:\/\/localhost:8888\/gdg3\/wp-content\/uploads\/2014\/10\/anasayfa_kurumsal.jpg\" alt=\"\" width=\"360\" height=\"202\" srcset=\"http:\/\/www.gdg.tc\/wp-content\/uploads\/2014\/10\/anasayfa_kurumsal.jpg 360w, http:\/\/www.gdg.tc\/wp-content\/uploads\/2014\/10\/anasayfa_kurumsal-300x168.jpg 300w\" sizes=\"(max-width: 360px) 100vw, 360px\" \/><\/p>\n<p>Our company is dealing in energy field as commitment and manufacture branch since 1987.<br \/>\n<a href=\"http:\/\/www.gdg.tc\/en\/kurumsal\/\">Read More<\/a><\/p>\n<\/div>\n<\/div><\/div><\/div><div id=\"pgc-7-1-1\"  class=\"panel-grid-cell\" ><div id=\"panel-7-1-1-0\" class=\"so-panel widget widget_sow-editor panel-first-child panel-last-child\" data-index=\"1\" ><div class=\"so-widget-sow-editor so-widget-sow-editor-base\"><h3 class=\"widget-title\">Reference<\/h3>\n<div class=\"siteorigin-widget-tinymce textwidget\">\n\t<p><img loading=\"lazy\" class=\"alignnone size-full wp-image-2771\" src=\"http:\/\/localhost:8888\/gdg3\/wp-content\/uploads\/2014\/10\/anasayfa_referans.jpg\" alt=\"\" width=\"360\" height=\"202\" srcset=\"http:\/\/www.gdg.tc\/wp-content\/uploads\/2014\/10\/anasayfa_referans.jpg 360w, http:\/\/www.gdg.tc\/wp-content\/uploads\/2014\/10\/anasayfa_referans-300x168.jpg 300w\" sizes=\"(max-width: 360px) 100vw, 360px\" \/><\/p>\n<p>The description of the business made by the companies and institutions that prefer us, the information about the city and the region ...<br \/>\n<a href=\"http:\/\/www.gdg.tc\/en\/referanslarimiz\/\">Read More<\/a><\/p>\n<\/div>\n<\/div><\/div><\/div><div id=\"pgc-7-1-2\"  class=\"panel-grid-cell\" ><div id=\"panel-7-1-2-0\" class=\"so-panel widget widget_recent-posts-widget-with-thumbnails recent-posts-widget-with-thumbnails panel-first-child panel-last-child\" data-index=\"2\" >\n<div id=\"rpwwt-widget-1-2-0\" class=\"rpwwt-widget\">\r\n<h3 class=\"widget-title\">Blog<\/h3>\n\t<ul>\r\n\t\t<li><a href=\"http:\/\/www.gdg.tc\/en\/2017\/06\/28\/guneydogu-galvaniz-tanitim-filmi\/\"><img width=\"75\" height=\"75\" src=\"http:\/\/www.gdg.tc\/wp-content\/uploads\/2017\/06\/blog3-150x150.png\" class=\"attachment-75x75 size-75x75 wp-post-image\" alt=\"\" loading=\"lazy\" \/><span class=\"rpwwt-post-title\">G\u00fcneydo\u011fu Galvaniz Tan\u0131t\u0131m Filmi<\/span><\/a><div class=\"rpwwt-post-date\">Wednesday June 28th, 2017<\/div><\/li>\r\n\t\t<li><a href=\"http:\/\/www.gdg.tc\/en\/2017\/06\/28\/alim-ihalesi-hakkinda-duyuru\/\"><img width=\"75\" height=\"75\" src=\"http:\/\/www.gdg.tc\/wp-content\/uploads\/2017\/06\/blog2-150x150.jpeg\" class=\"attachment-75x75 size-75x75 wp-post-image\" alt=\"\" loading=\"lazy\" \/><span class=\"rpwwt-post-title\">Al\u0131m \u0130halesi Hakk\u0131nda \/ Duyuru<\/span><\/a><div class=\"rpwwt-post-date\">Wednesday June 28th, 2017<\/div><\/li>\r\n\t\t<li><a href=\"http:\/\/www.gdg.tc\/en\/2017\/06\/28\/guneydogu-galvaniz-ipekyolu-kalkinma-ajansi-isbirligi\/\"><img width=\"75\" height=\"75\" src=\"http:\/\/www.gdg.tc\/wp-content\/uploads\/2017\/06\/blog1-150x150.jpeg\" class=\"attachment-75x75 size-75x75 wp-post-image\" alt=\"\" loading=\"lazy\" srcset=\"http:\/\/www.gdg.tc\/wp-content\/uploads\/2017\/06\/blog1-150x150.jpeg 150w, http:\/\/www.gdg.tc\/wp-content\/uploads\/2017\/06\/blog1.jpeg 233w\" sizes=\"(max-width: 75px) 100vw, 75px\" \/><span class=\"rpwwt-post-title\">G\u00fcneydo\u011fu Galvaniz, \u0130pekyolu Kalk\u0131nma Ajans\u0131 \u0130\u015fbirli\u011fi<\/span><\/a><div class=\"rpwwt-post-date\">Wednesday June 28th, 2017<\/div><\/li>\r\n\t<\/ul>\r\n<\/div><!-- .rpwwt-widget -->\r\n<\/div><\/div><\/div><div id=\"pg-7-2\"  class=\"panel-grid panel-no-style\" ><div id=\"pgc-7-2-0\"  class=\"panel-grid-cell\" ><div id=\"panel-7-2-0-0\" class=\"so-panel widget widget_text panel-first-child panel-last-child\" data-index=\"3\" ><h3 class=\"widget-title\">Products<\/h3>\t\t\t<div class=\"textwidget\"><div class=\"logo-panel\"><\/div>\n<\/div>\n\t\t<\/div><\/div><\/div><div id=\"pg-7-3\"  class=\"panel-grid panel-no-style\" ><div id=\"pgc-7-3-0\"  class=\"panel-grid-cell\" ><div id=\"panel-7-3-0-0\" class=\"so-panel widget widget_sow-image panel-first-child\" data-index=\"4\" ><div class=\"so-widget-sow-image so-widget-sow-image-default-17bc2272b535-2746\">\n\n<div class=\"sow-image-container\">\n\t\t\t<a\n\t\t\thref=\"http:\/\/www.gdg.tc\/en\/enerji-nakil-hatti-direkleri\/\"\n\t\t\t\t\t>\n\t\t\t<img src=\"http:\/\/www.gdg.tc\/wp-content\/uploads\/2014\/10\/nakil_hatti.png\" width=\"270\" height=\"345\" srcset=\"http:\/\/www.gdg.tc\/wp-content\/uploads\/2014\/10\/nakil_hatti.png 270w, http:\/\/www.gdg.tc\/wp-content\/uploads\/2014\/10\/nakil_hatti-235x300.png 235w\" sizes=\"(max-width: 270px) 100vw, 270px\" alt=\"\" loading=\"lazy\" \t\tclass=\"so-widget-image\"\/>\n\t<\/a><\/div>\n\n<\/div><\/div><div id=\"panel-7-3-0-1\" class=\"so-panel widget widget_sow-editor panel-last-child\" data-index=\"5\" ><div class=\"so-widget-sow-editor so-widget-sow-editor-base\">\n<div class=\"siteorigin-widget-tinymce textwidget\">\n\t<p style=\"text-align: center;\"><a href=\"http:\/\/www.gdg.tc\/enerji-nakil-hatti-direkleri\/\"><strong>Energy Transmission Line Towers<\/strong><\/a><\/p>\n<\/div>\n<\/div><\/div><\/div><div id=\"pgc-7-3-1\"  class=\"panel-grid-cell\" ><div id=\"panel-7-3-1-0\" class=\"so-panel widget widget_sow-image panel-first-child\" data-index=\"6\" ><div class=\"so-widget-sow-image so-widget-sow-image-default-17bc2272b535-2746\">\n\n<div class=\"sow-image-container\">\n\t\t\t<a\n\t\t\thref=\"http:\/\/www.gdg.tc\/en\/kaynakli-enerji-nakil-hatti-direkleri\/\"\n\t\t\t\t\t>\n\t\t\t<img src=\"http:\/\/www.gdg.tc\/wp-content\/uploads\/2014\/10\/kaynakli-1.png\" width=\"270\" height=\"345\" srcset=\"http:\/\/www.gdg.tc\/wp-content\/uploads\/2014\/10\/kaynakli-1.png 270w, http:\/\/www.gdg.tc\/wp-content\/uploads\/2014\/10\/kaynakli-1-235x300.png 235w\" sizes=\"(max-width: 270px) 100vw, 270px\" title=\"kaynakli\" alt=\"\" loading=\"lazy\" \t\tclass=\"so-widget-image\"\/>\n\t<\/a><\/div>\n\n<\/div><\/div><div id=\"panel-7-3-1-1\" class=\"so-panel widget widget_sow-editor panel-last-child\" data-index=\"7\" ><div class=\"so-widget-sow-editor so-widget-sow-editor-base\">\n<div class=\"siteorigin-widget-tinymce textwidget\">\n\t<p style=\"text-align: center;\"><a href=\"http:\/\/www.gdg.tc\/kaynakli-enerji-nakil-hatti-direkleri\/\"><strong>Welded Energy Transmission Line Towers<\/strong><\/a><\/p>\n<\/div>\n<\/div><\/div><\/div><div id=\"pgc-7-3-2\"  class=\"panel-grid-cell\" ><div id=\"panel-7-3-2-0\" class=\"so-panel widget widget_sow-image panel-first-child\" data-index=\"8\" ><div class=\"so-widget-sow-image so-widget-sow-image-default-17bc2272b535-2746\">\n\n<div class=\"sow-image-container\">\n\t\t\t<a\n\t\t\thref=\"http:\/\/www.gdg.tc\/en\/anten-direkleri\/\"\n\t\t\t\t\t>\n\t\t\t<img src=\"http:\/\/www.gdg.tc\/wp-content\/uploads\/2014\/10\/anten_direkleri.png\" width=\"270\" height=\"345\" srcset=\"http:\/\/www.gdg.tc\/wp-content\/uploads\/2014\/10\/anten_direkleri.png 270w, http:\/\/www.gdg.tc\/wp-content\/uploads\/2014\/10\/anten_direkleri-235x300.png 235w\" sizes=\"(max-width: 270px) 100vw, 270px\" alt=\"\" loading=\"lazy\" \t\tclass=\"so-widget-image\"\/>\n\t<\/a><\/div>\n\n<\/div><\/div><div id=\"panel-7-3-2-1\" class=\"so-panel widget widget_sow-editor panel-last-child\" data-index=\"9\" ><div class=\"so-widget-sow-editor so-widget-sow-editor-base\">\n<div class=\"siteorigin-widget-tinymce textwidget\">\n\t<p style=\"text-align: center;\"><a href=\"http:\/\/www.gdg.tc\/anten-direkleri\/\"><strong>Antenna Masts<\/strong><\/a><\/p>\n<\/div>\n<\/div><\/div><\/div><div id=\"pgc-7-3-3\"  class=\"panel-grid-cell\" ><div id=\"panel-7-3-3-0\" class=\"so-panel widget widget_sow-image panel-first-child\" data-index=\"10\" ><div class=\"so-widget-sow-image so-widget-sow-image-default-17bc2272b535-2746\">\n\n<div class=\"sow-image-container\">\n\t\t\t<a\n\t\t\thref=\"http:\/\/www.gdg.tc\/en\/aydinlatma-direkleri\/\"\n\t\t\t\t\t>\n\t\t\t<img src=\"http:\/\/www.gdg.tc\/wp-content\/uploads\/2014\/10\/aydinlatma_direkleri.png\" width=\"270\" height=\"345\" srcset=\"http:\/\/www.gdg.tc\/wp-content\/uploads\/2014\/10\/aydinlatma_direkleri.png 270w, http:\/\/www.gdg.tc\/wp-content\/uploads\/2014\/10\/aydinlatma_direkleri-235x300.png 235w\" sizes=\"(max-width: 270px) 100vw, 270px\" alt=\"\" loading=\"lazy\" \t\tclass=\"so-widget-image\"\/>\n\t<\/a><\/div>\n\n<\/div><\/div><div id=\"panel-7-3-3-1\" class=\"so-panel widget widget_sow-editor panel-last-child\" data-index=\"11\" ><div class=\"so-widget-sow-editor so-widget-sow-editor-base\">\n<div class=\"siteorigin-widget-tinymce textwidget\">\n\t<p style=\"text-align: center;\"><a href=\"http:\/\/www.gdg.tc\/aydinlatma-direkleri\/\"><strong>Lighting Poles<\/strong><\/a><\/p>\n<\/div>\n<\/div><\/div><\/div><\/div><div id=\"pg-7-4\"  class=\"panel-grid panel-no-style\" ><div id=\"pgc-7-4-0\"  class=\"panel-grid-cell\" ><div id=\"panel-7-4-0-0\" class=\"so-panel widget widget_sow-image panel-first-child\" data-index=\"12\" ><div class=\"so-widget-sow-image so-widget-sow-image-default-17bc2272b535-2746\">\n\n<div class=\"sow-image-container\">\n\t\t\t<a\n\t\t\thref=\"http:\/\/www.gdg.tc\/en\/dekoratif-aydinlatma-direkleri\/\"\n\t\t\t\t\t>\n\t\t\t<img src=\"http:\/\/www.gdg.tc\/wp-content\/uploads\/2014\/10\/dekoratif_aydinlatma_direkleri.png\" width=\"270\" height=\"345\" srcset=\"http:\/\/www.gdg.tc\/wp-content\/uploads\/2014\/10\/dekoratif_aydinlatma_direkleri.png 270w, http:\/\/www.gdg.tc\/wp-content\/uploads\/2014\/10\/dekoratif_aydinlatma_direkleri-235x300.png 235w\" sizes=\"(max-width: 270px) 100vw, 270px\" alt=\"\" loading=\"lazy\" \t\tclass=\"so-widget-image\"\/>\n\t<\/a><\/div>\n\n<\/div><\/div><div id=\"panel-7-4-0-1\" class=\"so-panel widget widget_sow-editor panel-last-child\" data-index=\"13\" ><div class=\"so-widget-sow-editor so-widget-sow-editor-base\">\n<div class=\"siteorigin-widget-tinymce textwidget\">\n\t<p style=\"text-align: center;\"><a href=\"http:\/\/www.gdg.tc\/dekoratif-aydinlatma-direkleri\/\"><strong>Decorative Lighting Poles<\/strong><\/a><\/p>\n<\/div>\n<\/div><\/div><\/div><div id=\"pgc-7-4-1\"  class=\"panel-grid-cell\" ><div id=\"panel-7-4-1-0\" class=\"so-panel widget widget_sow-image panel-first-child\" data-index=\"14\" ><div class=\"so-widget-sow-image so-widget-sow-image-default-17bc2272b535-2746\">\n\n<div class=\"sow-image-container\">\n\t\t\t<a\n\t\t\thref=\"http:\/\/www.gdg.tc\/en\/boru-tipi-elektrik-diregi\/\"\n\t\t\t\t\t>\n\t\t\t<img src=\"http:\/\/www.gdg.tc\/wp-content\/uploads\/2014\/10\/anasayfa_botu_tipi.png\" width=\"270\" height=\"345\" srcset=\"http:\/\/www.gdg.tc\/wp-content\/uploads\/2014\/10\/anasayfa_botu_tipi.png 270w, http:\/\/www.gdg.tc\/wp-content\/uploads\/2014\/10\/anasayfa_botu_tipi-235x300.png 235w\" sizes=\"(max-width: 270px) 100vw, 270px\" alt=\"\" loading=\"lazy\" \t\tclass=\"so-widget-image\"\/>\n\t<\/a><\/div>\n\n<\/div><\/div><div id=\"panel-7-4-1-1\" class=\"so-panel widget widget_sow-editor panel-last-child\" data-index=\"15\" ><div class=\"so-widget-sow-editor so-widget-sow-editor-base\">\n<div class=\"siteorigin-widget-tinymce textwidget\">\n\t<p style=\"text-align: center;\"><a href=\"http:\/\/www.gdg.tc\/boru-tipi-elektrik-diregi\/\"><strong>Pipe Type Energy Pole<\/strong><\/a><\/p>\n<\/div>\n<\/div><\/div><\/div><div id=\"pgc-7-4-2\"  class=\"panel-grid-cell\" ><div id=\"panel-7-4-2-0\" class=\"so-panel widget widget_sow-image panel-first-child\" data-index=\"16\" ><div class=\"so-widget-sow-image so-widget-sow-image-default-17bc2272b535-2746\">\n\n<div class=\"sow-image-container\">\n\t\t\t<a\n\t\t\thref=\"http:\/\/www.gdg.tc\/en\/bariyer\/\"\n\t\t\t\t\t>\n\t\t\t<img src=\"http:\/\/www.gdg.tc\/wp-content\/uploads\/2014\/10\/bariyer.png\" width=\"270\" height=\"345\" srcset=\"http:\/\/www.gdg.tc\/wp-content\/uploads\/2014\/10\/bariyer.png 270w, http:\/\/www.gdg.tc\/wp-content\/uploads\/2014\/10\/bariyer-235x300.png 235w\" sizes=\"(max-width: 270px) 100vw, 270px\" alt=\"\" loading=\"lazy\" \t\tclass=\"so-widget-image\"\/>\n\t<\/a><\/div>\n\n<\/div><\/div><div id=\"panel-7-4-2-1\" class=\"so-panel widget widget_sow-editor panel-last-child\" data-index=\"17\" ><div class=\"so-widget-sow-editor so-widget-sow-editor-base\">\n<div class=\"siteorigin-widget-tinymce textwidget\">\n\t<p style=\"text-align: center;\"><a href=\"http:\/\/www.gdg.tc\/bariyer\/\"><strong>Guardrail<\/strong><\/a><\/p>\n<\/div>\n<\/div><\/div><\/div><div id=\"pgc-7-4-3\"  class=\"panel-grid-cell\" ><div id=\"panel-7-4-3-0\" class=\"so-panel widget widget_sow-image panel-first-child\" data-index=\"18\" ><div class=\"so-widget-sow-image so-widget-sow-image-default-17bc2272b535-2746\">\n\n<div class=\"sow-image-container\">\n\t\t\t<a\n\t\t\thref=\"http:\/\/www.gdg.tc\/en\/gunes-enerji-santralleri-celik-yapilari\/\"\n\t\t\t\t\t>\n\t\t\t<img src=\"http:\/\/www.gdg.tc\/wp-content\/uploads\/2017\/07\/ges.png\" width=\"270\" height=\"345\" srcset=\"http:\/\/www.gdg.tc\/wp-content\/uploads\/2017\/07\/ges.png 270w, http:\/\/www.gdg.tc\/wp-content\/uploads\/2017\/07\/ges-235x300.png 235w\" sizes=\"(max-width: 270px) 100vw, 270px\" alt=\"\" loading=\"lazy\" \t\tclass=\"so-widget-image\"\/>\n\t<\/a><\/div>\n\n<\/div><\/div><div id=\"panel-7-4-3-1\" class=\"so-panel widget widget_sow-editor panel-last-child\" data-index=\"19\" ><div class=\"so-widget-sow-editor so-widget-sow-editor-base\">\n<div class=\"siteorigin-widget-tinymce textwidget\">\n\t<p style=\"text-align: center;\"><a href=\"http:\/\/www.gdg.tc\/gunes-enerji-santralleri-celik-yapilari\/\"><strong>Solar Energy Plants Steel Structures<br \/>\n<\/strong><\/a><\/p>\n<\/div>\n<\/div><\/div><\/div><\/div><div id=\"pg-7-5\"  class=\"panel-grid panel-no-style\" ><div id=\"pgc-7-5-0\"  class=\"panel-grid-cell\" ><div id=\"panel-7-5-0-0\" class=\"so-panel widget widget_text panel-first-child panel-last-child\" data-index=\"20\" ><h3 class=\"widget-title\">Quality Certificates<\/h3>\t\t\t<div class=\"textwidget\"><div class=\"logo-panel\">\n<div class=\"row\">\n<div class=\"col-xs-12 col-sm-2\"><img src=\"http:\/\/yayinlasak.com\/gdg\/wp-content\/uploads\/2017\/06\/1.png\" alt=\"Client\" \/><\/div>\n<div class=\"col-xs-12 col-sm-2\"><img src=\"http:\/\/yayinlasak.com\/gdg\/wp-content\/uploads\/2017\/06\/2.png\" alt=\"Client\" \/><\/div>\n<div class=\"col-xs-12 col-sm-2\"><img src=\"http:\/\/yayinlasak.com\/gdg\/wp-content\/uploads\/2017\/06\/3.png\" alt=\"Client\" \/><\/div>\n<div class=\"col-xs-12 col-sm-2\"><img src=\"http:\/\/yayinlasak.com\/gdg\/wp-content\/uploads\/2017\/06\/4.png\" alt=\"Client\" \/><\/div>\n<div class=\"col-xs-12 col-sm-2\"><img src=\"http:\/\/yayinlasak.com\/gdg\/wp-content\/uploads\/2017\/06\/5.png\" alt=\"Client\" \/><\/div>\n<div class=\"col-xs-12 col-sm-2\"><img src=\"http:\/\/yayinlasak.com\/gdg\/wp-content\/uploads\/2017\/06\/6.png\" alt=\"Client\" \/><\/div>\n<\/div>\n<\/div>\n<\/div>\n\t\t<\/div><\/div><\/div><\/div>","protected":false},"excerpt":{"rendered":"<p>Company Our company is dealing in energy field as commitment and manufacture branch since 1987. Read More Reference The description of the business made by the companies and institutions that prefer us, the information about the city and the region &#8230; Read More Products Energy Transmission Line Towers Welded Energy Transmission Line Towers Antenna Masts &hellip;<\/p>\n","protected":false},"author":1,"featured_media":0,"parent":0,"menu_order":0,"comment_status":"closed","ping_status":"closed","template":"template-front-page-slider.php","meta":{"_mi_skip_tracking":false,"ngg_post_thumbnail":0},"yoast_head":"<!-- This site is optimized with the Yoast SEO plugin v17.8 - https:\/\/yoast.com\/wordpress\/plugins\/seo\/ -->\n<title>HomePage - G\u00fcneydo\u011fu Galvaniz<\/title>\n<meta name=\"robots\" content=\"index, follow, max-snippet:-1, max-image-preview:large, max-video-preview:-1\" \/>\n<link rel=\"canonical\" href=\"http:\/\/www.gdg.tc\/en\/\" \/>\n<meta property=\"og:locale\" content=\"en_US\" \/>\n<meta property=\"og:type\" content=\"article\" \/>\n<meta property=\"og:title\" content=\"[:tr]Anasayfa[:en]HomePage[:ar]Front Page[:] - G\u00fcneydo\u011fu Galvaniz\" \/>\n<meta property=\"og:description\" content=\"Company Our company is dealing in energy field as commitment and manufacture branch since 1987. Read More Reference The description of the business made by the companies and institutions that prefer us, the information about the city and the region &#8230; Read More Products Energy Transmission Line Towers Welded Energy Transmission Line Towers Antenna Masts &hellip;\" \/>\n<meta property=\"og:url\" content=\"http:\/\/www.gdg.tc\/en\/\" \/>\n<meta property=\"og:site_name\" content=\"G\u00fcneydo\u011fu Galvaniz\" \/>\n<meta property=\"article:modified_time\" content=\"2018-01-23T10:14:24+00:00\" \/>\n<meta property=\"og:image\" content=\"http:\/\/localhost:8888\/gdg3\/wp-content\/uploads\/2014\/10\/anasayfa_kurumsal.jpg\" \/>\n<meta name=\"twitter:card\" content=\"summary_large_image\" \/>\n<meta name=\"twitter:label1\" content=\"Est. reading time\" \/>\n\t<meta name=\"twitter:data1\" content=\"1 minute\" \/>\n<script type=\"application\/ld+json\" class=\"yoast-schema-graph\">{\"@context\":\"https:\/\/schema.org\",\"@graph\":[{\"@type\":\"Organization\",\"@id\":\"http:\/\/www.gdg.tc\/#organization\",\"name\":\"G\\u00fcneydo\\u011fu Galvaniz\",\"url\":\"http:\/\/www.gdg.tc\/\",\"sameAs\":[],\"logo\":{\"@type\":\"ImageObject\",\"@id\":\"http:\/\/www.gdg.tc\/#logo\",\"inLanguage\":\"en-US\",\"url\":\"https:\/\/www.gdg.tc\/wp-content\/uploads\/2017\/06\/logo-1.png\",\"contentUrl\":\"https:\/\/www.gdg.tc\/wp-content\/uploads\/2017\/06\/logo-1.png\",\"width\":189,\"height\":67,\"caption\":\"G\\u00fcneydo\\u011fu Galvaniz\"},\"image\":{\"@id\":\"http:\/\/www.gdg.tc\/#logo\"}},{\"@type\":\"WebSite\",\"@id\":\"http:\/\/www.gdg.tc\/#website\",\"url\":\"http:\/\/www.gdg.tc\/\",\"name\":\"G\\u00fcneydo\\u011fu Galvaniz\",\"description\":\"\\u00c7eli\\u011fin Hayat Buldu\\u011fu Yer...\",\"publisher\":{\"@id\":\"http:\/\/www.gdg.tc\/#organization\"},\"potentialAction\":[{\"@type\":\"SearchAction\",\"target\":{\"@type\":\"EntryPoint\",\"urlTemplate\":\"http:\/\/www.gdg.tc\/?s={search_term_string}\"},\"query-input\":\"required name=search_term_string\"}],\"inLanguage\":\"en-US\"},{\"@type\":\"ImageObject\",\"@id\":\"http:\/\/www.gdg.tc\/en\/#primaryimage\",\"inLanguage\":\"en-US\",\"url\":\"http:\/\/localhost:8888\/gdg3\/wp-content\/uploads\/2014\/10\/anasayfa_kurumsal.jpg\",\"contentUrl\":\"http:\/\/localhost:8888\/gdg3\/wp-content\/uploads\/2014\/10\/anasayfa_kurumsal.jpg\"},{\"@type\":\"WebPage\",\"@id\":\"http:\/\/www.gdg.tc\/en\/#webpage\",\"url\":\"http:\/\/www.gdg.tc\/en\/\",\"name\":\"[:tr]Anasayfa[:en]HomePage[:ar]Front Page[:] - G\\u00fcneydo\\u011fu Galvaniz\",\"isPartOf\":{\"@id\":\"http:\/\/www.gdg.tc\/#website\"},\"primaryImageOfPage\":{\"@id\":\"http:\/\/www.gdg.tc\/en\/#primaryimage\"},\"datePublished\":\"2014-10-15T12:59:47+00:00\",\"dateModified\":\"2018-01-23T10:14:24+00:00\",\"breadcrumb\":{\"@id\":\"http:\/\/www.gdg.tc\/en\/#breadcrumb\"},\"inLanguage\":\"en-US\",\"potentialAction\":[{\"@type\":\"ReadAction\",\"target\":[\"http:\/\/www.gdg.tc\/en\/\"]}]},{\"@type\":\"BreadcrumbList\",\"@id\":\"http:\/\/www.gdg.tc\/en\/#breadcrumb\",\"itemListElement\":[{\"@type\":\"ListItem\",\"position\":1,\"name\":\"Ana sayfa\",\"item\":\"http:\/\/www.gdg.tc\/en\/\"},{\"@type\":\"ListItem\",\"position\":2,\"name\":\"HomePage\"}]}]}<\/script>\n<!-- \/ Yoast SEO plugin. -->","yoast_head_json":{"title":"[:tr]Anasayfa[:en]HomePage[:ar]Front Page[:] - G\u00fcneydo\u011fu Galvaniz","robots":{"index":"index","follow":"follow","max-snippet":"max-snippet:-1","max-image-preview":"max-image-preview:large","max-video-preview":"max-video-preview:-1"},"canonical":"http:\/\/www.gdg.tc\/en\/","og_locale":"en_US","og_type":"article","og_title":"[:tr]Anasayfa[:en]HomePage[:ar]Front Page[:] - G\u00fcneydo\u011fu Galvaniz","og_description":"Company Our company is dealing in energy field as commitment and manufacture branch since 1987. Read More Reference The description of the business made by the companies and institutions that prefer us, the information about the city and the region &#8230; Read More Products Energy Transmission Line Towers Welded Energy Transmission Line Towers Antenna Masts &hellip;","og_url":"http:\/\/www.gdg.tc\/en\/","og_site_name":"G\u00fcneydo\u011fu Galvaniz","article_modified_time":"2018-01-23T10:14:24+00:00","og_image":[{"url":"http:\/\/localhost:8888\/gdg3\/wp-content\/uploads\/2014\/10\/anasayfa_kurumsal.jpg"}],"twitter_card":"summary_large_image","twitter_misc":{"Est. reading time":"1 minute"},"schema":{"@context":"https:\/\/schema.org","@graph":[{"@type":"Organization","@id":"http:\/\/www.gdg.tc\/#organization","name":"G\u00fcneydo\u011fu Galvaniz","url":"http:\/\/www.gdg.tc\/","sameAs":[],"logo":{"@type":"ImageObject","@id":"http:\/\/www.gdg.tc\/#logo","inLanguage":"en-US","url":"https:\/\/www.gdg.tc\/wp-content\/uploads\/2017\/06\/logo-1.png","contentUrl":"https:\/\/www.gdg.tc\/wp-content\/uploads\/2017\/06\/logo-1.png","width":189,"height":67,"caption":"G\u00fcneydo\u011fu Galvaniz"},"image":{"@id":"http:\/\/www.gdg.tc\/#logo"}},{"@type":"WebSite","@id":"http:\/\/www.gdg.tc\/#website","url":"http:\/\/www.gdg.tc\/","name":"G\u00fcneydo\u011fu Galvaniz","description":"\u00c7eli\u011fin Hayat Buldu\u011fu Yer...","publisher":{"@id":"http:\/\/www.gdg.tc\/#organization"},"potentialAction":[{"@type":"SearchAction","target":{"@type":"EntryPoint","urlTemplate":"http:\/\/www.gdg.tc\/?s={search_term_string}"},"query-input":"required name=search_term_string"}],"inLanguage":"en-US"},{"@type":"ImageObject","@id":"http:\/\/www.gdg.tc\/en\/#primaryimage","inLanguage":"en-US","url":"http:\/\/localhost:8888\/gdg3\/wp-content\/uploads\/2014\/10\/anasayfa_kurumsal.jpg","contentUrl":"http:\/\/localhost:8888\/gdg3\/wp-content\/uploads\/2014\/10\/anasayfa_kurumsal.jpg"},{"@type":"WebPage","@id":"http:\/\/www.gdg.tc\/en\/#webpage","url":"http:\/\/www.gdg.tc\/en\/","name":"[:tr]Anasayfa[:en]HomePage[:ar]Front Page[:] - G\u00fcneydo\u011fu Galvaniz","isPartOf":{"@id":"http:\/\/www.gdg.tc\/#website"},"primaryImageOfPage":{"@id":"http:\/\/www.gdg.tc\/en\/#primaryimage"},"datePublished":"2014-10-15T12:59:47+00:00","dateModified":"2018-01-23T10:14:24+00:00","breadcrumb":{"@id":"http:\/\/www.gdg.tc\/en\/#breadcrumb"},"inLanguage":"en-US","potentialAction":[{"@type":"ReadAction","target":["http:\/\/www.gdg.tc\/en\/"]}]},{"@type":"BreadcrumbList","@id":"http:\/\/www.gdg.tc\/en\/#breadcrumb","itemListElement":[{"@type":"ListItem","position":1,"name":"Ana sayfa","item":"http:\/\/www.gdg.tc\/en\/"},{"@type":"ListItem","position":2,"name":"HomePage"}]}]}},"_links":{"self":[{"href":"http:\/\/www.gdg.tc\/en\/wp-json\/wp\/v2\/pages\/7"}],"collection":[{"href":"http:\/\/www.gdg.tc\/en\/wp-json\/wp\/v2\/pages"}],"about":[{"href":"http:\/\/www.gdg.tc\/en\/wp-json\/wp\/v2\/types\/page"}],"author":[{"embeddable":true,"href":"http:\/\/www.gdg.tc\/en\/wp-json\/wp\/v2\/users\/1"}],"replies":[{"embeddable":true,"href":"http:\/\/www.gdg.tc\/en\/wp-json\/wp\/v2\/comments?post=7"}],"version-history":[{"count":133,"href":"http:\/\/www.gdg.tc\/en\/wp-json\/wp\/v2\/pages\/7\/revisions"}],"predecessor-version":[{"id":3607,"href":"http:\/\/www.gdg.tc\/en\/wp-json\/wp\/v2\/pages\/7\/revisions\/3607"}],"wp:attachment":[{"href":"http:\/\/www.gdg.tc\/en\/wp-json\/wp\/v2\/media?parent=7"}],"curies":[{"name":"wp","href":"https:\/\/api.w.org\/{rel}","templated":true}]}}